{"id":6780,"date":"2025-08-13T21:14:25","date_gmt":"2025-08-13T21:14:25","guid":{"rendered":"https:\/\/simetrik.com\/privacy-notice\/"},"modified":"2026-04-20T15:21:30","modified_gmt":"2026-04-20T15:21:30","slug":"privacy-notice","status":"publish","type":"page","link":"https:\/\/simetrik.com\/pt-br\/privacy-notice\/","title":{"rendered":"Aviso de Privacidade"},"content":{"rendered":"<p>Em cumprimento ao disposto na Lei 1266 de 2008, na Lei 1581 de 2012, bem como no Decreto compilat\u00f3rio 1074 de 2015 (Se\u00e7\u00e3o 2.2.2.25.3), al\u00e9m de tomar como refer\u00eancia as diretrizes estabelecidas pelo Regulamento Geral de Prote\u00e7\u00e3o de Dados (RGPD) e pela Lei Geral de Prote\u00e7\u00e3o de Dados Pessoais (LGPD), e especialmente quanto \u00e0 necessidade e import\u00e2ncia de desenvolver e aplicar um AVISO DE PRIVACIDADE nos casos em que n\u00e3o seja poss\u00edvel ou f\u00e1cil disponibilizar ao Titular as pol\u00edticas de privacidade e tratamento da informa\u00e7\u00e3o, a <strong>SIMETRIK INC<\/strong>, sociedade americana do Estado de Delaware, com sede na cidade de San Francisco, Calif\u00f3rnia, identificada com EIN n\u00ba 61-1863197, na qualidade de matriz, a <strong>SIMETRIK S.A.S<\/strong>, sociedade colombiana constitu\u00edda sob as leis da Rep\u00fablica da Col\u00f4mbia, com sede na cidade de Bogot\u00e1 D.C., identificada com NIT 901.030.030-8, bem como as demais entidades afiliadas do grupo empresarial SIMETRIK <strong>(doravante \u201cSIMETRIK\u201d)<\/strong>, que atuam como <strong>RESPONS\u00c1VEIS PELO TRATAMENTO DE DADOS PESSOAIS<\/strong>, informam \u00e0s partes interessadas que as informa\u00e7\u00f5es identific\u00e1veis de car\u00e1ter pessoal (dados pessoais) ser\u00e3o tratadas de acordo com a POL\u00cdTICA DE DADOS PESSOAIS desenvolvida, mantida e disponibilizada de forma f\u00edsica em qualquer de suas unidades, bem como em seu site <a href=\"https:\/\/simetrik.com\/pt-br\/legal\/?q=privacy_policy\">https:\/\/simetrik.com\/legal?q=privacy_policy<\/a>, em conformidade com o marco de requisitos sobre gest\u00e3o e tratamento de dados pessoais.<\/p>    <h2 class=\"wp-block-heading\"><strong>1. RESPONS\u00c1VEL PELO TRATAMENTO DE DADOS<\/strong><\/h2>    <p>Respons\u00e1vel pelo tratamento na Col\u00f4mbia<\/p>    <ul class=\"wp-block-list\"> <li>SIMETRIK S.A.S<\/li>    <li>NIT: 901.030.030-8<\/li>    <li>Endere\u00e7o: Cl. 91 # 11-29, Bogot\u00e1\u00a0<\/li>    <li>Telefone: 3043877835\u00a0<\/li>    <li>E-mail institucional: <a href=\"mailto:dataprivacy@simetrik.com\">dataprivacy@simetrik.com<\/a>,\u00a0<\/li> <\/ul>    <p>As entidades do grupo empresarial SIMETRIK poder\u00e3o atuar como respons\u00e1veis ou encarregadas pelo tratamento de dados pessoais, conforme a natureza da rela\u00e7\u00e3o contratual e as atividades de tratamento realizadas.<\/p>    <h2 class=\"wp-block-heading\"><strong>2. TRATAMENTO DE DADOS PESSOAIS<\/strong><\/h2>    <p>A gest\u00e3o e o tratamento que a SIMETRIK realiza sobre os dados pessoais se limitam \u00e0 <strong>coleta, armazenamento, uso, circula\u00e7\u00e3o, transmiss\u00e3o e\/ou transfer\u00eancia<\/strong>, conforme aplic\u00e1vel, incluindo transfer\u00eancias entre as entidades do grupo empresarial SIMETRIK, bem como a fornecedores, conforme necess\u00e1rio, para as finalidades autorizadas. Uma vez cumpridas as finalidades do tratamento para as quais foi concedida a autoriza\u00e7\u00e3o pelo titular, os dados pessoais ser\u00e3o exclu\u00eddos das bases de dados da entidade.<\/p>    <p>Os dados pessoais coletados pela SIMETRIK s\u00e3o utilizados essencialmente para o desenvolvimento do objeto social da empresa e o alcance de seus objetivos estrat\u00e9gicos, conforme estabelecido no marco normativo colombiano.<\/p>    <p>A SIMETRIK implementa medidas t\u00e9cnicas, administrativas e organizacionais razo\u00e1veis para proteger a confidencialidade, integridade e disponibilidade dos dados pessoais tratados.<\/p>    <h3 class=\"wp-block-heading\"><strong>2.1 Tratamento de dados de menores de idade<\/strong><\/h3>    <p>A SIMETRIK n\u00e3o realiza tratamento intencional de dados pessoais de crian\u00e7as e adolescentes. Caso excepcionalmente seja necess\u00e1rio tratar dados de menores de idade, ser\u00e1 solicitada a autoriza\u00e7\u00e3o pr\u00e9via do representante legal e ser\u00e1 garantido o respeito aos seus direitos fundamentais.<\/p>    <h2 class=\"wp-block-heading\"><strong>3. FINALIDADES DO PROCESSAMENTO&nbsp;<\/strong><\/h2>    <h3 class=\"wp-block-heading\"><strong>3.1 Finalidades necess\u00e1rias para a execu\u00e7\u00e3o contratual<\/strong><\/h3>    <p><em>(N\u00e3o requerem consentimento adicional \u2014 base: execu\u00e7\u00e3o de contrato e obriga\u00e7\u00e3o legal)<\/em><\/p>    <ul class=\"wp-block-list\"> <li>Presta\u00e7\u00e3o dos servi\u00e7os SaaS contratados e cumprimento do objeto do contrato firmado com o titular.<\/li>    <li>Gest\u00e3o da rela\u00e7\u00e3o comercial: cota\u00e7\u00f5es, faturamento, suporte t\u00e9cnico e atendimento ao cliente.<\/li>    <li>Gest\u00e3o da rela\u00e7\u00e3o de trabalho ou com fornecedores, conforme a condi\u00e7\u00e3o do titular.<\/li>    <li>Cumprimento de obriga\u00e7\u00f5es legais, regulat\u00f3rias ou contratuais aplic\u00e1veis em cada jurisdi\u00e7\u00e3o.<\/li>    <li>Garantia da seguran\u00e7a da informa\u00e7\u00e3o, preven\u00e7\u00e3o de fraude e prote\u00e7\u00e3o dos sistemas tecnol\u00f3gicos da SIMETRIK.<\/li>    <li>Transfer\u00eancias de dados pessoais entre entidades do grupo empresarial SIMETRIK e para fornecedores tecnol\u00f3gicos, quando necess\u00e1rio para a presta\u00e7\u00e3o do servi\u00e7o.<\/li>    <li>Cumprir obriga\u00e7\u00f5es legais, regulat\u00f3rias ou contratuais aplic\u00e1veis.<\/li>    <li>Garantir a seguran\u00e7a da informa\u00e7\u00e3o, prevenir fraudes e proteger os sistemas tecnol\u00f3gicos da SIMETRIK.<\/li> <\/ul>    <h3 class=\"wp-block-heading\"><strong>3.2 Finalidades que requerem consentimento pr\u00e9vio e expresso<\/strong><\/h3>    <ul class=\"wp-block-list\"> <li>Envio de comunica\u00e7\u00f5es comerciais, novidades de produtos e materiais de marketing da SIMETRIK.<\/li>    <li>Elabora\u00e7\u00e3o de perfis de uso com fins de melhoria de produto e an\u00e1lise de comportamento agregado.<\/li>    <li>Compartilhamento de dados com parceiros comerciais da SIMETRIK para finalidades distintas da presta\u00e7\u00e3o do servi\u00e7o contratado.<\/li> <\/ul>    <p>Para as finalidades acima, a SIMETRIK solicitar\u00e1 seu consentimento pr\u00e9vio, livre, espec\u00edfico e informado por meio de mecanismo escrito ou eletr\u00f4nico verific\u00e1vel. Voc\u00ea pode negar ou revogar esse consentimento a qualquer momento escrevendo para <a href=\"mailto:dataprivacy@simetrik.com\">dataprivacy@simetrik.com<\/a>.<\/p>    <h2 class=\"wp-block-heading\"><strong>4. DADOS PESSOAIS OBTIDOS&nbsp;<\/strong><\/h2>    <p>Quem acessar os servi\u00e7os e\/ou produtos da SIMETRIK poder\u00e1 fornecer, de forma volunt\u00e1ria, determinados dados pessoais necess\u00e1rios para o desenvolvimento da rela\u00e7\u00e3o contratual, comercial, de trabalho ou de presta\u00e7\u00e3o de servi\u00e7os com a empresa.<\/p>    <p>As categorias de dados pessoais que podem ser coletadas incluem:<\/p>    <ul class=\"wp-block-list\"> <li>Nome e sobrenome<\/li>    <li>Documento de identifica\u00e7\u00e3o<\/li>    <li>Idade e g\u00eanero (quando necess\u00e1rio)<\/li>    <li>N\u00famero de telefone<\/li>    <li>Endere\u00e7o f\u00edsico e endere\u00e7o de e-mail<\/li>    <li>Cidade e pa\u00eds de resid\u00eancia<\/li>    <li>Informa\u00e7\u00f5es de contato corporativo ou profissional quando o titular atuar em nome de uma empresa ou fornecedor.<\/li> <\/ul>    <p>Adicionalmente, quando o titular representar uma organiza\u00e7\u00e3o, poder\u00e3o ser coletados os seguintes dados de contato empresarial:<\/p>    <ul class=\"wp-block-list\"> <li>Nome da entidade ou organiza\u00e7\u00e3o<\/li>    <li>Endere\u00e7o da entidade<\/li>    <li>Telefone corporativo<\/li>    <li>E-mail institucional<\/li> <\/ul>    <p>______________________________________________&nbsp;<\/p>    <p>Caso sejam coletados dados pessoais sens\u00edveis, estes ser\u00e3o tratados conforme a Pol\u00edtica de Privacidade de Dados Pessoais e a Pol\u00edtica de Seguran\u00e7a da Informa\u00e7\u00e3o da SIMETRIK, dispon\u00edveis em:: <a href=\"https:\/\/simetrik.com\/pt-br\/\">https:\/\/simetrik.com<\/a>&nbsp;<\/p>    <h2 class=\"wp-block-heading\"><strong>5. FUNDAMENTO LEGAL<\/strong><\/h2>    <p>O fundamento para o tratamento de dados pessoais \u00e9: Lei 1581\/2012 Art. 2\u00ba (\u00c2mbito de aplica\u00e7\u00e3o), Lei 1266\/2008 Art. 2\u00ba (\u00c2mbito de aplica\u00e7\u00e3o), Decreto 1074\/2015 Art. 2.2.2.25.3.2 (Decreto 1377 de 2013, Art. 14 \u2013 Aviso de Privacidade), Decreto 1074\/2015 Art. 2.2.2.25.3.3 (Decreto 1377 de 2013, Art. 15 \u2013 Conte\u00fado m\u00ednimo do Aviso de Privacidade). Al\u00e9m disso, s\u00e3o considerados como refer\u00eancia os lineamentos estabelecidos pelo Regulamento Geral de Prote\u00e7\u00e3o de Dados (RGPD) e pela Lei Geral de Prote\u00e7\u00e3o de Dados Pessoais (LGPD).<\/p>    <h2 class=\"wp-block-heading\"><strong>6. TRANSFER\u00caNCIA DE DADOS PESSOAIS<\/strong><\/h2>    <p>Informamos que seus dados pessoais s\u00e3o compartilhados com pessoas, empresas, organiza\u00e7\u00f5es e autoridades distintas do respons\u00e1vel pelo tratamento, para as finalidades descritas a seguir.<\/p>    <figure class=\"wp-block-table\"><table class=\"has-fixed-layout\"><thead><tr><th><strong>Destinat\u00e1rio de dados pessoais<\/strong><\/th><th><strong>Pa\u00eds<\/strong><\/th><th><strong>Prop\u00f3sito<\/strong><\/th><\/tr><\/thead><tbody><tr><td>Empresa-m\u00e3e da SIMETRIK<\/td><td>Estados Unidos<\/td><td>Transferir dados pessoais para fora do pa\u00eds, a fim de realizar os procedimentos pertinentes para o desenvolvimento do prop\u00f3sito corporativo da empresa<\/td><\/tr><tr><td>Subsidi\u00e1rias SIMETRIK<\/td><td>Col\u00f4mbia, Brasil, Argentina, M\u00e9xico, \u00cdndia<\/td><td>Empresas do grupo SIMETRIK com as quais foi firmado um contrato de processamento de dados<\/td><\/tr><tr><td>Terceiros com quem a SIMETRIK firmou um contrato&nbsp;<\/td><td>Estados Unidos<\/td><td>Transmitir dados pessoais fora do pa\u00eds para terceiros com quem a SIMETRIK tenha firmado um contrato de tratamento de dados e seja necess\u00e1rio fornec\u00ea-los para o cumprimento do objetivo contratual. (*)<\/td><\/tr><tr><td>Entidades Governamentais<\/td><td>Estados Unidos<\/td><td>Quando necess\u00e1rio<\/td><\/tr><\/tbody><\/table><\/figure>    <p>A descri\u00e7\u00e3o das finalidades marcadas com asterisco (*) requer o seu consentimento.<\/p>    <p><strong>As transfer\u00eancias internacionais de dados pessoais s\u00e3o realizadas por meio de acordos contratuais que incorporam medidas adequadas de prote\u00e7\u00e3o de dados, em conformidade com a legisla\u00e7\u00e3o aplic\u00e1vel.<\/strong><\/p>    <h2 class=\"wp-block-heading\"><strong>7. DIREITOS DO TITULAR<\/strong><\/h2>    <p>Al\u00e9m disso, voc\u00ea tem o direito de solicitar comprova\u00e7\u00e3o da autoriza\u00e7\u00e3o concedida para o processamento de seus dados pessoais, de ser informado sobre o uso feito de seus dados pessoais, de acessar gratuitamente seus dados pessoais que tenham sido processados e de apresentar reclama\u00e7\u00f5es \u00e0s autoridades competentes em mat\u00e9ria de prote\u00e7\u00e3o de dados pessoais quando considerar que as regulamenta\u00e7\u00f5es aplic\u00e1veis foram violadas.<\/p>    <p>Voc\u00ea tem o direito de saber quais dados pessoais temos sobre voc\u00ea, para que s\u00e3o utilizados e as condi\u00e7\u00f5es de uso <strong>(Acesso)<\/strong>. Da mesma forma, \u00e9 seu direito solicitar a corre\u00e7\u00e3o de suas informa\u00e7\u00f5es pessoais caso estejam desatualizadas, sejam imprecisas ou incompletas <strong>(Retifica\u00e7\u00e3o)<\/strong>; solicitar a exclus\u00e3o de nossos registros ou bases de dados quando considerar que n\u00e3o est\u00e3o sendo utilizados conforme os princ\u00edpios, deveres e obriga\u00e7\u00f5es previstos em lei<strong> (Cancelamento)<\/strong>; bem como se opor ao uso de seus dados pessoais para finalidades espec\u00edficas <strong>(Oposi\u00e7\u00e3o)<\/strong>.<\/p>    <p>Adicionalmente, voc\u00ea tem o direito de solicitar prova da autoriza\u00e7\u00e3o concedida para o tratamento de seus dados pessoais, ser informado sobre o uso que foi dado aos seus dados pessoais, acessar gratuitamente seus dados pessoais que tenham sido objeto de tratamento e apresentar reclama\u00e7\u00f5es perante as autoridades competentes em mat\u00e9ria de prote\u00e7\u00e3o de dados pessoais quando considerar que a legisla\u00e7\u00e3o aplic\u00e1vel foi violada.<\/p>    <h2 class=\"wp-block-heading\"><strong>8. EXERC\u00cdCIO DOS DIREITOS<\/strong><\/h2>    <p>Para exercer qualquer um dos direitos acima, o titular dever\u00e1 enviar uma solicita\u00e7\u00e3o para o e-mail dataprivacy@simetrik.com, incluindo:<\/p>    <ol class=\"wp-block-list\"> <li>Nome completo do titular e documento de identidade.<\/li>    <li>Descri\u00e7\u00e3o clara e precisa do direito que deseja exercer.<\/li>    <li>Meio de contato para receber a resposta.<\/li>    <li>Documenta\u00e7\u00e3o de suporte, quando aplic\u00e1vel (para retifica\u00e7\u00e3o: documentos que comprovem a corre\u00e7\u00e3o; para cancelamento: motivos que justifiquem a exclus\u00e3o; para oposi\u00e7\u00e3o: raz\u00f5es que justifiquem a interrup\u00e7\u00e3o do tratamento e o dano ou preju\u00edzo que isso possa causar).<\/li> <\/ol>    <p>Os prazos de resposta variam conforme a jurisdi\u00e7\u00e3o do titular:<\/p>    <figure class=\"wp-block-table\"><table class=\"has-fixed-layout\"><tbody><tr><td><strong>Jurisdi\u00e7\u00e3o<\/strong><\/td><td><strong>Termo base<\/strong><\/td><td><strong>Extens\u00e3o<\/strong><\/td><td><strong>Padr\u00e3o<\/strong><\/td><\/tr><tr><td>Col\u00f4mbia<\/td><td>Consultas: 10 dias \u00fateis \/ Reclama\u00e7\u00f5es: 15 dias \u00fateis<\/td><td>+5 \/ +8 dias \u00fateis com notifica\u00e7\u00e3o<\/td><td>Lei 1581, Arts. 14-15<\/td><\/tr><tr><td>M\u00e9xico<\/td><td>20 dias \u00fateis<\/td><td>+20 dias \u00fateis com aviso pr\u00e9vio<\/td><td>LFPDPP, Art. 32<\/td><\/tr><tr><td>Brasil<\/td><td>15 dias de calend\u00e1rio<\/td><td>N\u00e3o est\u00e1 expressamente previsto<\/td><td>LGPD, Art. 19<\/td><\/tr><tr><td>Argentina<\/td><td>Acesso: 30 dias carendas \/ Retifica\u00e7\u00e3o-Exclus\u00e3o: 5 dias \u00fateis<\/td><td>\u2014<\/td><td>Lei 25.326, Art. 14-16<\/td><\/tr><tr><td>EUA (Calif\u00f3rnia)<\/td><td>45 dias de calend\u00e1rio<\/td><td>+45 dias com notifica\u00e7\u00e3o<\/td><td>CCPA\/CPRA<\/td><\/tr><tr><td>\u00cdndia<\/td><td>30 dias corridos (padr\u00e3o provis\u00f3rio)<\/td><td>A ser definido nas Regras DPDP<\/td><td>Lei DPDP de 2023<\/td><\/tr><\/tbody><\/table><\/figure>    <h2 class=\"wp-block-heading\"><strong>9. AUTORIDADES DE CONTROLE<\/strong><\/h2>    <p>O titular tem o direito de apresentar reclama\u00e7\u00f5es perante a autoridade de prote\u00e7\u00e3o de dados de sua jurisdi\u00e7\u00e3o:<\/p>    <ul class=\"wp-block-list\"> <li><strong>Col\u00f4mbia:<\/strong> Superintend\u00eancia da Ind\u00fastria e Com\u00e9rcio (SIC) \u2014<a href=\"http:\/\/www.sic.gov.co\"> www.sic.gov.co<\/a><\/li>    <li><strong>M\u00e9xico:<\/strong> Instituto Nacional de Transpar\u00eancia, Acesso \u00e0 Informa\u00e7\u00e3o e Prote\u00e7\u00e3o de Dados Pessoais (INAI) \u2014 <a href=\"http:\/\/www.inai.org.mx\">\u00a0www.inai.org.mx<\/a><\/li>    <li><strong>Brasil: <\/strong>Autoridade Nacional de Prote\u00e7\u00e3o de Dados (ANPD) \u2014<a href=\"http:\/\/www.gov.br\/anpd\"> www.gov.br\/anpd<\/a><\/li>    <li><strong>Argentina:<\/strong> Ag\u00eancia de Acesso \u00e0 Informa\u00e7\u00e3o P\u00fablica (AAIP) \u2014 <a href=\"http:\/\/www.argentina.gob.ar\/aaip\">\u00a0www.argentina.gob.ar\/aaip<\/a><\/li>    <li><strong>EUA (Calif\u00f3rnia):<\/strong> Ag\u00eancia de Prote\u00e7\u00e3o \u00e0 Privacidade da Calif\u00f3rnia (CPPA) \u2014 cppa.ca.gov<\/li>    <li><strong>\u00cdndia:<\/strong> Conselho de Prote\u00e7\u00e3o de Dados da \u00cdndia (formalmente incorporado)<\/li> <\/ul>    <p>Para o exerc\u00edcio de qualquer um dos direitos do titular, voc\u00ea poder\u00e1 enviar uma solicita\u00e7\u00e3o por escrito ao e-mail dataprivacy@simetrik.com<\/p>    <p>&nbsp;ou em nossos pontos de atendimento ao cliente.<\/p>    <p>Em caso de solicitar a retifica\u00e7\u00e3o, voc\u00ea dever\u00e1 indicar as modifica\u00e7\u00f5es a serem realizadas e apresentar a documenta\u00e7\u00e3o necess\u00e1ria que comprove sua solicita\u00e7\u00e3o.<\/p>    <p>No caso do direito de cancelamento, deve indicar as raz\u00f5es que motivam a exclus\u00e3o.<\/p>    <p>No direito de oposi\u00e7\u00e3o, deve indicar os motivos que justificam a interrup\u00e7\u00e3o do tratamento dos dados pessoais e o dano ou preju\u00edzo que isso possa causar, ou, se a oposi\u00e7\u00e3o for parcial, deve indicar as finalidades espec\u00edficas com as quais n\u00e3o concorda, desde que n\u00e3o sejam um requisito obrigat\u00f3rio.<\/p>    <h2 class=\"wp-block-heading\"><strong>10. ALTERA\u00c7\u00d5ES AO AVISO DE PRIVACIDADE<\/strong><\/h2>    <p>Caso seja realizada alguma modifica\u00e7\u00e3o ao Aviso de Privacidade, voc\u00ea ser\u00e1 informado por meio de e-mail ou poder\u00e1 verific\u00e1-la atrav\u00e9s do nosso site<a href=\"https:\/\/simetrik.com\/pt-br\/\"> https:\/\/simetrik.com\/<\/a>.<br><strong>\u00daltima atualiza\u00e7\u00e3o: <\/strong>24 de mar\u00e7o de 2026<\/p>","protected":false},"excerpt":{"rendered":"<p>Em cumprimento ao disposto na Lei 1266 de 2008, na Lei 1581 de 2012, bem como no Decreto compilat\u00f3rio 1074 de 2015 (Se\u00e7\u00e3o 2.2.2.25.3), al\u00e9m de tomar como refer\u00eancia as diretrizes estabelecidas pelo Regulamento Geral de Prote\u00e7\u00e3o de Dados (RGPD) e pela Lei Geral de Prote\u00e7\u00e3o de Dados Pessoais (LGPD), e especialmente quanto \u00e0 necessidade<a class=\"excerpt-read-more\" href=\"https:\/\/simetrik.com\/pt-br\/privacy-notice\/\" title=\"ReadAviso de Privacidade\">&#8230; Read more &raquo;<\/a><\/p>\n","protected":false},"author":4,"featured_media":0,"parent":0,"menu_order":0,"comment_status":"closed","ping_status":"closed","template":"","meta":{"_acf_changed":false,"inline_featured_image":false,"footnotes":""},"class_list":["post-6780","page","type-page","status-publish","hentry"],"acf":[],"yoast_head":"<!-- This site is optimized with the Yoast SEO plugin v27.0 - https:\/\/yoast.com\/product\/yoast-seo-wordpress\/ -->\n<title>Aviso de Privacidade - Simetrik<\/title>\n<meta name=\"robots\" content=\"index, follow, max-snippet:-1, max-image-preview:large, max-video-preview:-1\" \/>\n<link rel=\"canonical\" href=\"https:\/\/simetrik.com\/pt-br\/privacy-notice\/\" \/>\n<meta property=\"og:locale\" content=\"pt_BR\" \/>\n<meta property=\"og:type\" content=\"article\" \/>\n<meta property=\"og:title\" content=\"Aviso de Privacidade - Simetrik\" \/>\n<meta property=\"og:description\" content=\"Em cumprimento ao disposto na Lei 1266 de 2008, na Lei 1581 de 2012, bem como no Decreto compilat\u00f3rio 1074 de 2015 (Se\u00e7\u00e3o 2.2.2.25.3), al\u00e9m de tomar como refer\u00eancia as diretrizes estabelecidas pelo Regulamento Geral de Prote\u00e7\u00e3o de Dados (RGPD) e pela Lei Geral de Prote\u00e7\u00e3o de Dados Pessoais (LGPD), e especialmente quanto \u00e0 necessidade... Read more &raquo;\" \/>\n<meta property=\"og:url\" content=\"https:\/\/simetrik.com\/pt-br\/privacy-notice\/\" \/>\n<meta property=\"og:site_name\" content=\"Simetrik\" \/>\n<meta property=\"article:modified_time\" content=\"2026-04-20T15:21:30+00:00\" \/>\n<meta name=\"twitter:card\" content=\"summary_large_image\" \/>\n<meta name=\"twitter:label1\" content=\"Est. tempo de leitura\" \/>\n\t<meta name=\"twitter:data1\" content=\"8 minutos\" \/>\n<script type=\"application\/ld+json\" class=\"yoast-schema-graph\">{\"@context\":\"https:\/\/schema.org\",\"@graph\":[{\"@type\":\"WebPage\",\"@id\":\"https:\/\/simetrik.com\/pt-br\/privacy-notice\/\",\"url\":\"https:\/\/simetrik.com\/pt-br\/privacy-notice\/\",\"name\":\"Aviso de Privacidade - Simetrik\",\"isPartOf\":{\"@id\":\"https:\/\/simetrik.com\/pt-br\/#website\"},\"datePublished\":\"2025-08-13T21:14:25+00:00\",\"dateModified\":\"2026-04-20T15:21:30+00:00\",\"breadcrumb\":{\"@id\":\"https:\/\/simetrik.com\/pt-br\/privacy-notice\/#breadcrumb\"},\"inLanguage\":\"pt-BR\",\"potentialAction\":[{\"@type\":\"ReadAction\",\"target\":[\"https:\/\/simetrik.com\/pt-br\/privacy-notice\/\"]}]},{\"@type\":\"BreadcrumbList\",\"@id\":\"https:\/\/simetrik.com\/pt-br\/privacy-notice\/#breadcrumb\",\"itemListElement\":[{\"@type\":\"ListItem\",\"position\":1,\"name\":\"Home\",\"item\":\"https:\/\/simetrik.com\/pt-br\/\"},{\"@type\":\"ListItem\",\"position\":2,\"name\":\"Aviso de Privacidade\"}]},{\"@type\":\"WebSite\",\"@id\":\"https:\/\/simetrik.com\/pt-br\/#website\",\"url\":\"https:\/\/simetrik.com\/pt-br\/\",\"name\":\"Simetrik\",\"description\":\"\",\"potentialAction\":[{\"@type\":\"SearchAction\",\"target\":{\"@type\":\"EntryPoint\",\"urlTemplate\":\"https:\/\/simetrik.com\/pt-br\/?s={search_term_string}\"},\"query-input\":{\"@type\":\"PropertyValueSpecification\",\"valueRequired\":true,\"valueName\":\"search_term_string\"}}],\"inLanguage\":\"pt-BR\"}]}<\/script>\n<!-- \/ Yoast SEO plugin. -->","yoast_head_json":{"title":"Aviso de Privacidade - Simetrik","robots":{"index":"index","follow":"follow","max-snippet":"max-snippet:-1","max-image-preview":"max-image-preview:large","max-video-preview":"max-video-preview:-1"},"canonical":"https:\/\/simetrik.com\/pt-br\/privacy-notice\/","og_locale":"pt_BR","og_type":"article","og_title":"Aviso de Privacidade - Simetrik","og_description":"Em cumprimento ao disposto na Lei 1266 de 2008, na Lei 1581 de 2012, bem como no Decreto compilat\u00f3rio 1074 de 2015 (Se\u00e7\u00e3o 2.2.2.25.3), al\u00e9m de tomar como refer\u00eancia as diretrizes estabelecidas pelo Regulamento Geral de Prote\u00e7\u00e3o de Dados (RGPD) e pela Lei Geral de Prote\u00e7\u00e3o de Dados Pessoais (LGPD), e especialmente quanto \u00e0 necessidade... Read more &raquo;","og_url":"https:\/\/simetrik.com\/pt-br\/privacy-notice\/","og_site_name":"Simetrik","article_modified_time":"2026-04-20T15:21:30+00:00","twitter_card":"summary_large_image","twitter_misc":{"Est. tempo de leitura":"8 minutos"},"schema":{"@context":"https:\/\/schema.org","@graph":[{"@type":"WebPage","@id":"https:\/\/simetrik.com\/pt-br\/privacy-notice\/","url":"https:\/\/simetrik.com\/pt-br\/privacy-notice\/","name":"Aviso de Privacidade - Simetrik","isPartOf":{"@id":"https:\/\/simetrik.com\/pt-br\/#website"},"datePublished":"2025-08-13T21:14:25+00:00","dateModified":"2026-04-20T15:21:30+00:00","breadcrumb":{"@id":"https:\/\/simetrik.com\/pt-br\/privacy-notice\/#breadcrumb"},"inLanguage":"pt-BR","potentialAction":[{"@type":"ReadAction","target":["https:\/\/simetrik.com\/pt-br\/privacy-notice\/"]}]},{"@type":"BreadcrumbList","@id":"https:\/\/simetrik.com\/pt-br\/privacy-notice\/#breadcrumb","itemListElement":[{"@type":"ListItem","position":1,"name":"Home","item":"https:\/\/simetrik.com\/pt-br\/"},{"@type":"ListItem","position":2,"name":"Aviso de Privacidade"}]},{"@type":"WebSite","@id":"https:\/\/simetrik.com\/pt-br\/#website","url":"https:\/\/simetrik.com\/pt-br\/","name":"Simetrik","description":"","potentialAction":[{"@type":"SearchAction","target":{"@type":"EntryPoint","urlTemplate":"https:\/\/simetrik.com\/pt-br\/?s={search_term_string}"},"query-input":{"@type":"PropertyValueSpecification","valueRequired":true,"valueName":"search_term_string"}}],"inLanguage":"pt-BR"}]}},"_links":{"self":[{"href":"https:\/\/simetrik.com\/pt-br\/wp-json\/wp\/v2\/pages\/6780","targetHints":{"allow":["GET"]}}],"collection":[{"href":"https:\/\/simetrik.com\/pt-br\/wp-json\/wp\/v2\/pages"}],"about":[{"href":"https:\/\/simetrik.com\/pt-br\/wp-json\/wp\/v2\/types\/page"}],"author":[{"embeddable":true,"href":"https:\/\/simetrik.com\/pt-br\/wp-json\/wp\/v2\/users\/4"}],"replies":[{"embeddable":true,"href":"https:\/\/simetrik.com\/pt-br\/wp-json\/wp\/v2\/comments?post=6780"}],"version-history":[{"count":2,"href":"https:\/\/simetrik.com\/pt-br\/wp-json\/wp\/v2\/pages\/6780\/revisions"}],"predecessor-version":[{"id":6783,"href":"https:\/\/simetrik.com\/pt-br\/wp-json\/wp\/v2\/pages\/6780\/revisions\/6783"}],"wp:attachment":[{"href":"https:\/\/simetrik.com\/pt-br\/wp-json\/wp\/v2\/media?parent=6780"}],"curies":[{"name":"wp","href":"https:\/\/api.w.org\/{rel}","templated":true}]}}