{"id":4055,"date":"2025-09-25T17:51:48","date_gmt":"2025-09-25T17:51:48","guid":{"rendered":"https:\/\/simetrik.com\/visa\/"},"modified":"2025-10-10T19:28:48","modified_gmt":"2025-10-10T19:28:48","slug":"visa","status":"publish","type":"page","link":"https:\/\/simetrik.com\/pt-br\/use-cases\/merchant-reporting\/visa\/","title":{"rendered":"Visa"},"content":{"rendered":"","protected":false},"excerpt":{"rendered":"","protected":false},"author":4,"featured_media":0,"parent":4202,"menu_order":0,"comment_status":"closed","ping_status":"closed","template":"","meta":{"_acf_changed":false,"inline_featured_image":false,"footnotes":""},"class_list":["post-4055","page","type-page","status-publish","hentry"],"acf":[],"yoast_head":"<!-- This site is optimized with the Yoast SEO plugin v27.0 - https:\/\/yoast.com\/product\/yoast-seo-wordpress\/ -->\n<title>Reconcilia\u00e7\u00e3o de visto de ponta a ponta no Simetrik<\/title>\n<meta name=\"description\" content=\"Automatize relat\u00f3rios de comerciantes, aprimore controles e implante rapidamente com fluxos de trabalho predefinidos e insights baseados em IA.\" \/>\n<meta name=\"robots\" content=\"index, follow, max-snippet:-1, max-image-preview:large, max-video-preview:-1\" \/>\n<link rel=\"canonical\" href=\"https:\/\/simetrik.com\/pt-br\/use-cases\/merchant-reporting\/visa\/\" \/>\n<meta property=\"og:locale\" content=\"pt_BR\" \/>\n<meta property=\"og:type\" content=\"article\" \/>\n<meta property=\"og:title\" content=\"Reconcilia\u00e7\u00e3o de visto de ponta a ponta no Simetrik\" \/>\n<meta property=\"og:description\" content=\"Automatize relat\u00f3rios de comerciantes, aprimore controles e implante rapidamente com fluxos de trabalho predefinidos e insights baseados em IA.\" \/>\n<meta property=\"og:url\" content=\"https:\/\/simetrik.com\/pt-br\/use-cases\/merchant-reporting\/visa\/\" \/>\n<meta property=\"og:site_name\" content=\"Simetrik\" \/>\n<meta property=\"article:modified_time\" content=\"2025-10-10T19:28:48+00:00\" \/>\n<meta name=\"twitter:card\" content=\"summary_large_image\" \/>\n<meta name=\"twitter:label1\" content=\"Est. tempo de leitura\" \/>\n\t<meta name=\"twitter:data1\" content=\"4 minutos\" \/>\n<script type=\"application\/ld+json\" class=\"yoast-schema-graph\">{\"@context\":\"https:\/\/schema.org\",\"@graph\":[{\"@type\":\"WebPage\",\"@id\":\"https:\/\/simetrik.com\/pt-br\/use-cases\/merchant-reporting\/visa\/\",\"url\":\"https:\/\/simetrik.com\/pt-br\/use-cases\/merchant-reporting\/visa\/\",\"name\":\"Reconcilia\u00e7\u00e3o de visto de ponta a ponta no Simetrik\",\"isPartOf\":{\"@id\":\"https:\/\/simetrik.com\/pt-br\/#website\"},\"datePublished\":\"2025-09-25T17:51:48+00:00\",\"dateModified\":\"2025-10-10T19:28:48+00:00\",\"description\":\"Automatize relat\u00f3rios de comerciantes, aprimore controles e implante rapidamente com fluxos de trabalho predefinidos e insights baseados em IA.\",\"breadcrumb\":{\"@id\":\"https:\/\/simetrik.com\/pt-br\/use-cases\/merchant-reporting\/visa\/#breadcrumb\"},\"inLanguage\":\"pt-BR\",\"potentialAction\":[{\"@type\":\"ReadAction\",\"target\":[\"https:\/\/simetrik.com\/pt-br\/use-cases\/merchant-reporting\/visa\/\"]}]},{\"@type\":\"BreadcrumbList\",\"@id\":\"https:\/\/simetrik.com\/pt-br\/use-cases\/merchant-reporting\/visa\/#breadcrumb\",\"itemListElement\":[{\"@type\":\"ListItem\",\"position\":1,\"name\":\"Home\",\"item\":\"https:\/\/simetrik.com\/pt-br\/\"},{\"@type\":\"ListItem\",\"position\":2,\"name\":\"Use Cases\",\"item\":\"https:\/\/simetrik.com\/pt-br\/use-cases\/\"},{\"@type\":\"ListItem\",\"position\":3,\"name\":\"Relat\u00f3rios para Estabelecimentos\",\"item\":\"https:\/\/simetrik.com\/pt-br\/use-cases\/merchant-reporting\/\"},{\"@type\":\"ListItem\",\"position\":4,\"name\":\"Visa\"}]},{\"@type\":\"WebSite\",\"@id\":\"https:\/\/simetrik.com\/pt-br\/#website\",\"url\":\"https:\/\/simetrik.com\/pt-br\/\",\"name\":\"Simetrik\",\"description\":\"\",\"potentialAction\":[{\"@type\":\"SearchAction\",\"target\":{\"@type\":\"EntryPoint\",\"urlTemplate\":\"https:\/\/simetrik.com\/pt-br\/?s={search_term_string}\"},\"query-input\":{\"@type\":\"PropertyValueSpecification\",\"valueRequired\":true,\"valueName\":\"search_term_string\"}}],\"inLanguage\":\"pt-BR\"}]}<\/script>\n<!-- \/ Yoast SEO plugin. -->","yoast_head_json":{"title":"Reconcilia\u00e7\u00e3o de visto de ponta a ponta no Simetrik","description":"Automatize relat\u00f3rios de comerciantes, aprimore controles e implante rapidamente com fluxos de trabalho predefinidos e insights baseados em IA.","robots":{"index":"index","follow":"follow","max-snippet":"max-snippet:-1","max-image-preview":"max-image-preview:large","max-video-preview":"max-video-preview:-1"},"canonical":"https:\/\/simetrik.com\/pt-br\/use-cases\/merchant-reporting\/visa\/","og_locale":"pt_BR","og_type":"article","og_title":"Reconcilia\u00e7\u00e3o de visto de ponta a ponta no Simetrik","og_description":"Automatize relat\u00f3rios de comerciantes, aprimore controles e implante rapidamente com fluxos de trabalho predefinidos e insights baseados em IA.","og_url":"https:\/\/simetrik.com\/pt-br\/use-cases\/merchant-reporting\/visa\/","og_site_name":"Simetrik","article_modified_time":"2025-10-10T19:28:48+00:00","twitter_card":"summary_large_image","twitter_misc":{"Est. tempo de leitura":"4 minutos"},"schema":{"@context":"https:\/\/schema.org","@graph":[{"@type":"WebPage","@id":"https:\/\/simetrik.com\/pt-br\/use-cases\/merchant-reporting\/visa\/","url":"https:\/\/simetrik.com\/pt-br\/use-cases\/merchant-reporting\/visa\/","name":"Reconcilia\u00e7\u00e3o de visto de ponta a ponta no Simetrik","isPartOf":{"@id":"https:\/\/simetrik.com\/pt-br\/#website"},"datePublished":"2025-09-25T17:51:48+00:00","dateModified":"2025-10-10T19:28:48+00:00","description":"Automatize relat\u00f3rios de comerciantes, aprimore controles e implante rapidamente com fluxos de trabalho predefinidos e insights baseados em IA.","breadcrumb":{"@id":"https:\/\/simetrik.com\/pt-br\/use-cases\/merchant-reporting\/visa\/#breadcrumb"},"inLanguage":"pt-BR","potentialAction":[{"@type":"ReadAction","target":["https:\/\/simetrik.com\/pt-br\/use-cases\/merchant-reporting\/visa\/"]}]},{"@type":"BreadcrumbList","@id":"https:\/\/simetrik.com\/pt-br\/use-cases\/merchant-reporting\/visa\/#breadcrumb","itemListElement":[{"@type":"ListItem","position":1,"name":"Home","item":"https:\/\/simetrik.com\/pt-br\/"},{"@type":"ListItem","position":2,"name":"Use Cases","item":"https:\/\/simetrik.com\/pt-br\/use-cases\/"},{"@type":"ListItem","position":3,"name":"Relat\u00f3rios para Estabelecimentos","item":"https:\/\/simetrik.com\/pt-br\/use-cases\/merchant-reporting\/"},{"@type":"ListItem","position":4,"name":"Visa"}]},{"@type":"WebSite","@id":"https:\/\/simetrik.com\/pt-br\/#website","url":"https:\/\/simetrik.com\/pt-br\/","name":"Simetrik","description":"","potentialAction":[{"@type":"SearchAction","target":{"@type":"EntryPoint","urlTemplate":"https:\/\/simetrik.com\/pt-br\/?s={search_term_string}"},"query-input":{"@type":"PropertyValueSpecification","valueRequired":true,"valueName":"search_term_string"}}],"inLanguage":"pt-BR"}]}},"_links":{"self":[{"href":"https:\/\/simetrik.com\/pt-br\/wp-json\/wp\/v2\/pages\/4055","targetHints":{"allow":["GET"]}}],"collection":[{"href":"https:\/\/simetrik.com\/pt-br\/wp-json\/wp\/v2\/pages"}],"about":[{"href":"https:\/\/simetrik.com\/pt-br\/wp-json\/wp\/v2\/types\/page"}],"author":[{"embeddable":true,"href":"https:\/\/simetrik.com\/pt-br\/wp-json\/wp\/v2\/users\/4"}],"replies":[{"embeddable":true,"href":"https:\/\/simetrik.com\/pt-br\/wp-json\/wp\/v2\/comments?post=4055"}],"version-history":[{"count":2,"href":"https:\/\/simetrik.com\/pt-br\/wp-json\/wp\/v2\/pages\/4055\/revisions"}],"predecessor-version":[{"id":4581,"href":"https:\/\/simetrik.com\/pt-br\/wp-json\/wp\/v2\/pages\/4055\/revisions\/4581"}],"up":[{"embeddable":true,"href":"https:\/\/simetrik.com\/pt-br\/wp-json\/wp\/v2\/pages\/4202"}],"wp:attachment":[{"href":"https:\/\/simetrik.com\/pt-br\/wp-json\/wp\/v2\/media?parent=4055"}],"curies":[{"name":"wp","href":"https:\/\/api.w.org\/{rel}","templated":true}]}}