{"id":4043,"date":"2025-09-22T18:04:45","date_gmt":"2025-09-22T18:04:45","guid":{"rendered":"https:\/\/simetrik.com\/use-cases\/liquidity-cash-flow\/"},"modified":"2025-10-10T19:23:33","modified_gmt":"2025-10-10T19:23:33","slug":"liquidity-cash-flow","status":"publish","type":"page","link":"https:\/\/simetrik.com\/pt-br\/use-cases\/liquidity-cash-flow\/","title":{"rendered":"Monitoramento de Liquidez e Fluxo de Caixa"},"content":{"rendered":"","protected":false},"excerpt":{"rendered":"","protected":false},"author":4,"featured_media":0,"parent":2397,"menu_order":0,"comment_status":"closed","ping_status":"closed","template":"","meta":{"_acf_changed":false,"inline_featured_image":false,"footnotes":""},"class_list":["post-4043","page","type-page","status-publish","hentry"],"acf":[],"yoast_head":"<!-- This site is optimized with the Yoast SEO plugin v27.0 - https:\/\/yoast.com\/product\/yoast-seo-wordpress\/ -->\n<title>Monitoramento de Liquidez e Fluxo de Caixa | Simetrik<\/title>\n<meta name=\"description\" content=\"Obtenha visibilidade em tempo real do fluxo de caixa, liquida\u00e7\u00f5es e risco de liquidez com a reconcilia\u00e7\u00e3o de IA.\" \/>\n<meta name=\"robots\" content=\"index, follow, max-snippet:-1, max-image-preview:large, max-video-preview:-1\" \/>\n<link rel=\"canonical\" href=\"https:\/\/simetrik.com\/pt-br\/use-cases\/liquidity-cash-flow\/\" \/>\n<meta property=\"og:locale\" content=\"pt_BR\" \/>\n<meta property=\"og:type\" content=\"article\" \/>\n<meta property=\"og:title\" content=\"Monitoramento de Liquidez e Fluxo de Caixa | Simetrik\" \/>\n<meta property=\"og:description\" content=\"Obtenha visibilidade em tempo real do fluxo de caixa, liquida\u00e7\u00f5es e risco de liquidez com a reconcilia\u00e7\u00e3o de IA.\" \/>\n<meta property=\"og:url\" content=\"https:\/\/simetrik.com\/pt-br\/use-cases\/liquidity-cash-flow\/\" \/>\n<meta property=\"og:site_name\" content=\"Simetrik\" \/>\n<meta property=\"article:modified_time\" content=\"2025-10-10T19:23:33+00:00\" \/>\n<meta name=\"twitter:card\" content=\"summary_large_image\" \/>\n<meta name=\"twitter:label1\" content=\"Est. tempo de leitura\" \/>\n\t<meta name=\"twitter:data1\" content=\"3 minutos\" \/>\n<script type=\"application\/ld+json\" class=\"yoast-schema-graph\">{\"@context\":\"https:\/\/schema.org\",\"@graph\":[{\"@type\":\"WebPage\",\"@id\":\"https:\/\/simetrik.com\/pt-br\/use-cases\/liquidity-cash-flow\/\",\"url\":\"https:\/\/simetrik.com\/pt-br\/use-cases\/liquidity-cash-flow\/\",\"name\":\"Monitoramento de Liquidez e Fluxo de Caixa | Simetrik\",\"isPartOf\":{\"@id\":\"https:\/\/simetrik.com\/pt-br\/#website\"},\"datePublished\":\"2025-09-22T18:04:45+00:00\",\"dateModified\":\"2025-10-10T19:23:33+00:00\",\"description\":\"Obtenha visibilidade em tempo real do fluxo de caixa, liquida\u00e7\u00f5es e risco de liquidez com a reconcilia\u00e7\u00e3o de IA.\",\"breadcrumb\":{\"@id\":\"https:\/\/simetrik.com\/pt-br\/use-cases\/liquidity-cash-flow\/#breadcrumb\"},\"inLanguage\":\"pt-BR\",\"potentialAction\":[{\"@type\":\"ReadAction\",\"target\":[\"https:\/\/simetrik.com\/pt-br\/use-cases\/liquidity-cash-flow\/\"]}]},{\"@type\":\"BreadcrumbList\",\"@id\":\"https:\/\/simetrik.com\/pt-br\/use-cases\/liquidity-cash-flow\/#breadcrumb\",\"itemListElement\":[{\"@type\":\"ListItem\",\"position\":1,\"name\":\"Home\",\"item\":\"https:\/\/simetrik.com\/pt-br\/\"},{\"@type\":\"ListItem\",\"position\":2,\"name\":\"Use Cases\",\"item\":\"https:\/\/simetrik.com\/pt-br\/use-cases\/\"},{\"@type\":\"ListItem\",\"position\":3,\"name\":\"Monitoramento de Liquidez e Fluxo de Caixa\"}]},{\"@type\":\"WebSite\",\"@id\":\"https:\/\/simetrik.com\/pt-br\/#website\",\"url\":\"https:\/\/simetrik.com\/pt-br\/\",\"name\":\"Simetrik\",\"description\":\"\",\"potentialAction\":[{\"@type\":\"SearchAction\",\"target\":{\"@type\":\"EntryPoint\",\"urlTemplate\":\"https:\/\/simetrik.com\/pt-br\/?s={search_term_string}\"},\"query-input\":{\"@type\":\"PropertyValueSpecification\",\"valueRequired\":true,\"valueName\":\"search_term_string\"}}],\"inLanguage\":\"pt-BR\"}]}<\/script>\n<!-- \/ Yoast SEO plugin. -->","yoast_head_json":{"title":"Monitoramento de Liquidez e Fluxo de Caixa | Simetrik","description":"Obtenha visibilidade em tempo real do fluxo de caixa, liquida\u00e7\u00f5es e risco de liquidez com a reconcilia\u00e7\u00e3o de IA.","robots":{"index":"index","follow":"follow","max-snippet":"max-snippet:-1","max-image-preview":"max-image-preview:large","max-video-preview":"max-video-preview:-1"},"canonical":"https:\/\/simetrik.com\/pt-br\/use-cases\/liquidity-cash-flow\/","og_locale":"pt_BR","og_type":"article","og_title":"Monitoramento de Liquidez e Fluxo de Caixa | Simetrik","og_description":"Obtenha visibilidade em tempo real do fluxo de caixa, liquida\u00e7\u00f5es e risco de liquidez com a reconcilia\u00e7\u00e3o de IA.","og_url":"https:\/\/simetrik.com\/pt-br\/use-cases\/liquidity-cash-flow\/","og_site_name":"Simetrik","article_modified_time":"2025-10-10T19:23:33+00:00","twitter_card":"summary_large_image","twitter_misc":{"Est. tempo de leitura":"3 minutos"},"schema":{"@context":"https:\/\/schema.org","@graph":[{"@type":"WebPage","@id":"https:\/\/simetrik.com\/pt-br\/use-cases\/liquidity-cash-flow\/","url":"https:\/\/simetrik.com\/pt-br\/use-cases\/liquidity-cash-flow\/","name":"Monitoramento de Liquidez e Fluxo de Caixa | Simetrik","isPartOf":{"@id":"https:\/\/simetrik.com\/pt-br\/#website"},"datePublished":"2025-09-22T18:04:45+00:00","dateModified":"2025-10-10T19:23:33+00:00","description":"Obtenha visibilidade em tempo real do fluxo de caixa, liquida\u00e7\u00f5es e risco de liquidez com a reconcilia\u00e7\u00e3o de IA.","breadcrumb":{"@id":"https:\/\/simetrik.com\/pt-br\/use-cases\/liquidity-cash-flow\/#breadcrumb"},"inLanguage":"pt-BR","potentialAction":[{"@type":"ReadAction","target":["https:\/\/simetrik.com\/pt-br\/use-cases\/liquidity-cash-flow\/"]}]},{"@type":"BreadcrumbList","@id":"https:\/\/simetrik.com\/pt-br\/use-cases\/liquidity-cash-flow\/#breadcrumb","itemListElement":[{"@type":"ListItem","position":1,"name":"Home","item":"https:\/\/simetrik.com\/pt-br\/"},{"@type":"ListItem","position":2,"name":"Use Cases","item":"https:\/\/simetrik.com\/pt-br\/use-cases\/"},{"@type":"ListItem","position":3,"name":"Monitoramento de Liquidez e Fluxo de Caixa"}]},{"@type":"WebSite","@id":"https:\/\/simetrik.com\/pt-br\/#website","url":"https:\/\/simetrik.com\/pt-br\/","name":"Simetrik","description":"","potentialAction":[{"@type":"SearchAction","target":{"@type":"EntryPoint","urlTemplate":"https:\/\/simetrik.com\/pt-br\/?s={search_term_string}"},"query-input":{"@type":"PropertyValueSpecification","valueRequired":true,"valueName":"search_term_string"}}],"inLanguage":"pt-BR"}]}},"_links":{"self":[{"href":"https:\/\/simetrik.com\/pt-br\/wp-json\/wp\/v2\/pages\/4043","targetHints":{"allow":["GET"]}}],"collection":[{"href":"https:\/\/simetrik.com\/pt-br\/wp-json\/wp\/v2\/pages"}],"about":[{"href":"https:\/\/simetrik.com\/pt-br\/wp-json\/wp\/v2\/types\/page"}],"author":[{"embeddable":true,"href":"https:\/\/simetrik.com\/pt-br\/wp-json\/wp\/v2\/users\/4"}],"replies":[{"embeddable":true,"href":"https:\/\/simetrik.com\/pt-br\/wp-json\/wp\/v2\/comments?post=4043"}],"version-history":[{"count":3,"href":"https:\/\/simetrik.com\/pt-br\/wp-json\/wp\/v2\/pages\/4043\/revisions"}],"predecessor-version":[{"id":4458,"href":"https:\/\/simetrik.com\/pt-br\/wp-json\/wp\/v2\/pages\/4043\/revisions\/4458"}],"up":[{"embeddable":true,"href":"https:\/\/simetrik.com\/pt-br\/wp-json\/wp\/v2\/pages\/2397"}],"wp:attachment":[{"href":"https:\/\/simetrik.com\/pt-br\/wp-json\/wp\/v2\/media?parent=4043"}],"curies":[{"name":"wp","href":"https:\/\/api.w.org\/{rel}","templated":true}]}}