{"id":3264,"date":"2025-09-03T18:39:39","date_gmt":"2025-09-03T18:39:39","guid":{"rendered":"https:\/\/simetrik.com\/webinar-ug-mastering-the-fee-maze\/"},"modified":"2025-09-15T15:38:12","modified_gmt":"2025-09-15T15:38:12","slug":"webinar-ug-mastering-the-fee-maze","status":"publish","type":"page","link":"https:\/\/simetrik.com\/pt-br\/webinar-ug-mastering-the-fee-maze\/","title":{"rendered":"Webinar &#8211; Dominando o labirinto das tarifas"},"content":{"rendered":"<iframe style=\"width:100%\" src=\"https:\/\/www.youtube.com\/embed\/TcmCk0tCTSA?si=zPpxZ9bTL81dxsrb\" title=\"YouTube video player\" frameborder=\"0\" allow=\"accelerometer; autoplay; clipboard-write; encrypted-media; gyroscope; picture-in-picture; web-share\" referrerpolicy=\"strict-origin-when-cross-origin\" allowfullscreen><\/iframe>    <h5 class=\"wp-block-heading\">Entenda o verdadeiro custo das suas transa\u00e7\u00f5es, automaticamente.<\/h5>    <p><strong>19 de agosto \u2022 16h ET<\/strong><\/p>    <p>Navegar pelo mundo das tarifas de redes e adquirentes pode parecer como decifrar uma caixa-preta. Neste webinar, vamos mostrar como compreender e simplificar essa complexidade para transform\u00e1-la em valor.<\/p>    <p>Tamb\u00e9m vamos destacar as causas mais comuns de cobran\u00e7as indevidas feitas por redes e adquirentes que podem estar impactando sua margem sem perceber.<br><br>Em seguida, mostraremos como nossa Plataforma de Concilia\u00e7\u00e3o com IA oferece visibilidade completa, pronta para uso, de cada tarifa cobrada\u2014sem semanas de configura\u00e7\u00f5es personalizadas ou concilia\u00e7\u00f5es manuais.<\/p>    <h6 class=\"wp-block-heading\">Neste webinar voc\u00ea vai aprender a:<\/h6>    <ul class=\"wp-block-list\"> <li>Conectar facilmente suas fontes de dados (seja emissor, adquirente ou PSP).<\/li>    <li>Automatizar a reconcilia\u00e7\u00e3o dos dados transacionais com arquivos de liquida\u00e7\u00e3o de redes ou adquirentes.<\/li>    <li>Gerar relat\u00f3rios detalhados, em n\u00edvel de transa\u00e7\u00e3o, que se atualizam automaticamente com novos dados.<\/li>    <li>Configurar controles e alertas para acompanhar tarifas negociadas e identificar custos inesperados.<\/li> <\/ul>    <p>Esta sess\u00e3o \u00e9 voltada para equipes de opera\u00e7\u00f5es financeiras, dados e pagamentos que desejam eliminar pontos cegos, aumentar a precis\u00e3o dos custos e transformar informa\u00e7\u00f5es de tarifas em uma vantagem operacional e estrat\u00e9gica.<\/p>","protected":false},"excerpt":{"rendered":"<p>Entenda o verdadeiro custo das suas transa\u00e7\u00f5es, automaticamente. 19 de agosto \u2022 16h ET Navegar pelo mundo das tarifas de redes e adquirentes pode parecer como decifrar uma caixa-preta. Neste webinar, vamos mostrar como compreender e simplificar essa complexidade para transform\u00e1-la em valor. Tamb\u00e9m vamos destacar as causas mais comuns de cobran\u00e7as indevidas feitas por<a class=\"excerpt-read-more\" href=\"https:\/\/simetrik.com\/pt-br\/webinar-ug-mastering-the-fee-maze\/\" title=\"ReadWebinar &#8211; Dominando o labirinto das tarifas\">&#8230; Read more &raquo;<\/a><\/p>\n","protected":false},"author":3,"featured_media":0,"parent":0,"menu_order":0,"comment_status":"closed","ping_status":"closed","template":"","meta":{"_acf_changed":false,"inline_featured_image":false,"footnotes":""},"folder":[],"class_list":["post-3264","page","type-page","status-publish","hentry"],"acf":[],"yoast_head":"<!-- This site is optimized with the Yoast SEO plugin v27.0 - https:\/\/yoast.com\/product\/yoast-seo-wordpress\/ -->\n<title>Webinar - Dominando o labirinto das tarifas - Simetrik<\/title>\n<meta name=\"robots\" content=\"index, follow, max-snippet:-1, max-image-preview:large, max-video-preview:-1\" \/>\n<link rel=\"canonical\" href=\"https:\/\/simetrik.com\/pt-br\/webinar-ug-mastering-the-fee-maze\/\" \/>\n<meta property=\"og:locale\" content=\"pt_BR\" \/>\n<meta property=\"og:type\" content=\"article\" \/>\n<meta property=\"og:title\" content=\"Webinar - Dominando o labirinto das tarifas - Simetrik\" \/>\n<meta property=\"og:description\" content=\"Entenda o verdadeiro custo das suas transa\u00e7\u00f5es, automaticamente. 19 de agosto \u2022 16h ET Navegar pelo mundo das tarifas de redes e adquirentes pode parecer como decifrar uma caixa-preta. Neste webinar, vamos mostrar como compreender e simplificar essa complexidade para transform\u00e1-la em valor. Tamb\u00e9m vamos destacar as causas mais comuns de cobran\u00e7as indevidas feitas por... Read more &raquo;\" \/>\n<meta property=\"og:url\" content=\"https:\/\/simetrik.com\/pt-br\/webinar-ug-mastering-the-fee-maze\/\" \/>\n<meta property=\"og:site_name\" content=\"Simetrik\" \/>\n<meta property=\"article:modified_time\" content=\"2025-09-15T15:38:12+00:00\" \/>\n<meta name=\"twitter:card\" content=\"summary_large_image\" \/>\n<meta name=\"twitter:label1\" content=\"Est. tempo de leitura\" \/>\n\t<meta name=\"twitter:data1\" content=\"1 minuto\" \/>\n<script type=\"application\/ld+json\" class=\"yoast-schema-graph\">{\"@context\":\"https:\/\/schema.org\",\"@graph\":[{\"@type\":\"WebPage\",\"@id\":\"https:\/\/simetrik.com\/pt-br\/webinar-ug-mastering-the-fee-maze\/\",\"url\":\"https:\/\/simetrik.com\/pt-br\/webinar-ug-mastering-the-fee-maze\/\",\"name\":\"Webinar - Dominando o labirinto das tarifas - Simetrik\",\"isPartOf\":{\"@id\":\"https:\/\/simetrik.com\/pt-br\/#website\"},\"datePublished\":\"2025-09-03T18:39:39+00:00\",\"dateModified\":\"2025-09-15T15:38:12+00:00\",\"breadcrumb\":{\"@id\":\"https:\/\/simetrik.com\/pt-br\/webinar-ug-mastering-the-fee-maze\/#breadcrumb\"},\"inLanguage\":\"pt-BR\",\"potentialAction\":[{\"@type\":\"ReadAction\",\"target\":[\"https:\/\/simetrik.com\/pt-br\/webinar-ug-mastering-the-fee-maze\/\"]}]},{\"@type\":\"BreadcrumbList\",\"@id\":\"https:\/\/simetrik.com\/pt-br\/webinar-ug-mastering-the-fee-maze\/#breadcrumb\",\"itemListElement\":[{\"@type\":\"ListItem\",\"position\":1,\"name\":\"Home\",\"item\":\"https:\/\/simetrik.com\/pt-br\/\"},{\"@type\":\"ListItem\",\"position\":2,\"name\":\"Webinar &#8211; Dominando o labirinto das tarifas\"}]},{\"@type\":\"WebSite\",\"@id\":\"https:\/\/simetrik.com\/pt-br\/#website\",\"url\":\"https:\/\/simetrik.com\/pt-br\/\",\"name\":\"Simetrik\",\"description\":\"\",\"potentialAction\":[{\"@type\":\"SearchAction\",\"target\":{\"@type\":\"EntryPoint\",\"urlTemplate\":\"https:\/\/simetrik.com\/pt-br\/?s={search_term_string}\"},\"query-input\":{\"@type\":\"PropertyValueSpecification\",\"valueRequired\":true,\"valueName\":\"search_term_string\"}}],\"inLanguage\":\"pt-BR\"}]}<\/script>\n<!-- \/ Yoast SEO plugin. -->","yoast_head_json":{"title":"Webinar - Dominando o labirinto das tarifas - Simetrik","robots":{"index":"index","follow":"follow","max-snippet":"max-snippet:-1","max-image-preview":"max-image-preview:large","max-video-preview":"max-video-preview:-1"},"canonical":"https:\/\/simetrik.com\/pt-br\/webinar-ug-mastering-the-fee-maze\/","og_locale":"pt_BR","og_type":"article","og_title":"Webinar - Dominando o labirinto das tarifas - Simetrik","og_description":"Entenda o verdadeiro custo das suas transa\u00e7\u00f5es, automaticamente. 19 de agosto \u2022 16h ET Navegar pelo mundo das tarifas de redes e adquirentes pode parecer como decifrar uma caixa-preta. Neste webinar, vamos mostrar como compreender e simplificar essa complexidade para transform\u00e1-la em valor. Tamb\u00e9m vamos destacar as causas mais comuns de cobran\u00e7as indevidas feitas por... Read more &raquo;","og_url":"https:\/\/simetrik.com\/pt-br\/webinar-ug-mastering-the-fee-maze\/","og_site_name":"Simetrik","article_modified_time":"2025-09-15T15:38:12+00:00","twitter_card":"summary_large_image","twitter_misc":{"Est. tempo de leitura":"1 minuto"},"schema":{"@context":"https:\/\/schema.org","@graph":[{"@type":"WebPage","@id":"https:\/\/simetrik.com\/pt-br\/webinar-ug-mastering-the-fee-maze\/","url":"https:\/\/simetrik.com\/pt-br\/webinar-ug-mastering-the-fee-maze\/","name":"Webinar - Dominando o labirinto das tarifas - Simetrik","isPartOf":{"@id":"https:\/\/simetrik.com\/pt-br\/#website"},"datePublished":"2025-09-03T18:39:39+00:00","dateModified":"2025-09-15T15:38:12+00:00","breadcrumb":{"@id":"https:\/\/simetrik.com\/pt-br\/webinar-ug-mastering-the-fee-maze\/#breadcrumb"},"inLanguage":"pt-BR","potentialAction":[{"@type":"ReadAction","target":["https:\/\/simetrik.com\/pt-br\/webinar-ug-mastering-the-fee-maze\/"]}]},{"@type":"BreadcrumbList","@id":"https:\/\/simetrik.com\/pt-br\/webinar-ug-mastering-the-fee-maze\/#breadcrumb","itemListElement":[{"@type":"ListItem","position":1,"name":"Home","item":"https:\/\/simetrik.com\/pt-br\/"},{"@type":"ListItem","position":2,"name":"Webinar &#8211; Dominando o labirinto das tarifas"}]},{"@type":"WebSite","@id":"https:\/\/simetrik.com\/pt-br\/#website","url":"https:\/\/simetrik.com\/pt-br\/","name":"Simetrik","description":"","potentialAction":[{"@type":"SearchAction","target":{"@type":"EntryPoint","urlTemplate":"https:\/\/simetrik.com\/pt-br\/?s={search_term_string}"},"query-input":{"@type":"PropertyValueSpecification","valueRequired":true,"valueName":"search_term_string"}}],"inLanguage":"pt-BR"}]}},"_links":{"self":[{"href":"https:\/\/simetrik.com\/pt-br\/wp-json\/wp\/v2\/pages\/3264","targetHints":{"allow":["GET"]}}],"collection":[{"href":"https:\/\/simetrik.com\/pt-br\/wp-json\/wp\/v2\/pages"}],"about":[{"href":"https:\/\/simetrik.com\/pt-br\/wp-json\/wp\/v2\/types\/page"}],"author":[{"embeddable":true,"href":"https:\/\/simetrik.com\/pt-br\/wp-json\/wp\/v2\/users\/3"}],"replies":[{"embeddable":true,"href":"https:\/\/simetrik.com\/pt-br\/wp-json\/wp\/v2\/comments?post=3264"}],"version-history":[{"count":3,"href":"https:\/\/simetrik.com\/pt-br\/wp-json\/wp\/v2\/pages\/3264\/revisions"}],"predecessor-version":[{"id":3594,"href":"https:\/\/simetrik.com\/pt-br\/wp-json\/wp\/v2\/pages\/3264\/revisions\/3594"}],"wp:attachment":[{"href":"https:\/\/simetrik.com\/pt-br\/wp-json\/wp\/v2\/media?parent=3264"}],"wp:term":[{"taxonomy":"folder","embeddable":true,"href":"https:\/\/simetrik.com\/pt-br\/wp-json\/wp\/v2\/folder?post=3264"}],"curies":[{"name":"wp","href":"https:\/\/api.w.org\/{rel}","templated":true}]}}