{"id":2381,"date":"2025-08-16T23:48:50","date_gmt":"2025-08-16T23:48:50","guid":{"rendered":"https:\/\/simetrik.com\/issuers\/"},"modified":"2025-11-27T14:58:22","modified_gmt":"2025-11-27T14:58:22","slug":"emissores-de-cartoes-simetrik","status":"publish","type":"page","link":"https:\/\/simetrik.com\/pt-br\/industries\/emissores-de-cartoes-simetrik\/","title":{"rendered":"Ind\u00fastrias &#8211; Emissores de cart\u00f5es"},"content":{"rendered":"","protected":false},"excerpt":{"rendered":"","protected":false},"author":4,"featured_media":0,"parent":2406,"menu_order":0,"comment_status":"closed","ping_status":"closed","template":"","meta":{"_acf_changed":false,"inline_featured_image":false,"footnotes":""},"class_list":["post-2381","page","type-page","status-publish","hentry"],"acf":[],"yoast_head":"<!-- This site is optimized with the Yoast SEO plugin v27.0 - https:\/\/yoast.com\/product\/yoast-seo-wordpress\/ -->\n<title>Reconcilia\u00e7\u00e3o de IA para emissores de cart\u00f5es | Simetrik<\/title>\n<meta name=\"description\" content=\"A reconcilia\u00e7\u00e3o de IA para emissores corresponde transa\u00e7\u00f5es multidirecionais, reconcilia liquida\u00e7\u00f5es e monitora pagamentos em tempo real.\" \/>\n<meta name=\"robots\" content=\"index, follow, max-snippet:-1, max-image-preview:large, max-video-preview:-1\" \/>\n<link rel=\"canonical\" href=\"https:\/\/simetrik.com\/pt-br\/industries\/emissores-de-cartoes-simetrik\/\" \/>\n<meta property=\"og:locale\" content=\"pt_BR\" \/>\n<meta property=\"og:type\" content=\"article\" \/>\n<meta property=\"og:title\" content=\"Reconcilia\u00e7\u00e3o de IA para emissores de cart\u00f5es | Simetrik\" \/>\n<meta property=\"og:description\" content=\"A reconcilia\u00e7\u00e3o de IA para emissores corresponde transa\u00e7\u00f5es multidirecionais, reconcilia liquida\u00e7\u00f5es e monitora pagamentos em tempo real.\" \/>\n<meta property=\"og:url\" content=\"https:\/\/simetrik.com\/pt-br\/industries\/emissores-de-cartoes-simetrik\/\" \/>\n<meta property=\"og:site_name\" content=\"Simetrik\" \/>\n<meta property=\"article:modified_time\" content=\"2025-11-27T14:58:22+00:00\" \/>\n<meta name=\"twitter:card\" content=\"summary_large_image\" \/>\n<meta name=\"twitter:label1\" content=\"Est. tempo de leitura\" \/>\n\t<meta name=\"twitter:data1\" content=\"3 minutos\" \/>\n<script type=\"application\/ld+json\" class=\"yoast-schema-graph\">{\"@context\":\"https:\/\/schema.org\",\"@graph\":[{\"@type\":\"WebPage\",\"@id\":\"https:\/\/simetrik.com\/pt-br\/industries\/emissores-de-cartoes-simetrik\/\",\"url\":\"https:\/\/simetrik.com\/pt-br\/industries\/emissores-de-cartoes-simetrik\/\",\"name\":\"Reconcilia\u00e7\u00e3o de IA para emissores de cart\u00f5es | Simetrik\",\"isPartOf\":{\"@id\":\"https:\/\/simetrik.com\/pt-br\/#website\"},\"datePublished\":\"2025-08-16T23:48:50+00:00\",\"dateModified\":\"2025-11-27T14:58:22+00:00\",\"description\":\"A reconcilia\u00e7\u00e3o de IA para emissores corresponde transa\u00e7\u00f5es multidirecionais, reconcilia liquida\u00e7\u00f5es e monitora pagamentos em tempo real.\",\"breadcrumb\":{\"@id\":\"https:\/\/simetrik.com\/pt-br\/industries\/emissores-de-cartoes-simetrik\/#breadcrumb\"},\"inLanguage\":\"pt-BR\",\"potentialAction\":[{\"@type\":\"ReadAction\",\"target\":[\"https:\/\/simetrik.com\/pt-br\/industries\/emissores-de-cartoes-simetrik\/\"]}]},{\"@type\":\"BreadcrumbList\",\"@id\":\"https:\/\/simetrik.com\/pt-br\/industries\/emissores-de-cartoes-simetrik\/#breadcrumb\",\"itemListElement\":[{\"@type\":\"ListItem\",\"position\":1,\"name\":\"Home\",\"item\":\"https:\/\/simetrik.com\/pt-br\/\"},{\"@type\":\"ListItem\",\"position\":2,\"name\":\"Industries\",\"item\":\"https:\/\/simetrik.com\/pt-br\/industries\/\"},{\"@type\":\"ListItem\",\"position\":3,\"name\":\"Ind\u00fastrias &#8211; Emissores de cart\u00f5es\"}]},{\"@type\":\"WebSite\",\"@id\":\"https:\/\/simetrik.com\/pt-br\/#website\",\"url\":\"https:\/\/simetrik.com\/pt-br\/\",\"name\":\"Simetrik\",\"description\":\"\",\"potentialAction\":[{\"@type\":\"SearchAction\",\"target\":{\"@type\":\"EntryPoint\",\"urlTemplate\":\"https:\/\/simetrik.com\/pt-br\/?s={search_term_string}\"},\"query-input\":{\"@type\":\"PropertyValueSpecification\",\"valueRequired\":true,\"valueName\":\"search_term_string\"}}],\"inLanguage\":\"pt-BR\"}]}<\/script>\n<!-- \/ Yoast SEO plugin. -->","yoast_head_json":{"title":"Reconcilia\u00e7\u00e3o de IA para emissores de cart\u00f5es | Simetrik","description":"A reconcilia\u00e7\u00e3o de IA para emissores corresponde transa\u00e7\u00f5es multidirecionais, reconcilia liquida\u00e7\u00f5es e monitora pagamentos em tempo real.","robots":{"index":"index","follow":"follow","max-snippet":"max-snippet:-1","max-image-preview":"max-image-preview:large","max-video-preview":"max-video-preview:-1"},"canonical":"https:\/\/simetrik.com\/pt-br\/industries\/emissores-de-cartoes-simetrik\/","og_locale":"pt_BR","og_type":"article","og_title":"Reconcilia\u00e7\u00e3o de IA para emissores de cart\u00f5es | Simetrik","og_description":"A reconcilia\u00e7\u00e3o de IA para emissores corresponde transa\u00e7\u00f5es multidirecionais, reconcilia liquida\u00e7\u00f5es e monitora pagamentos em tempo real.","og_url":"https:\/\/simetrik.com\/pt-br\/industries\/emissores-de-cartoes-simetrik\/","og_site_name":"Simetrik","article_modified_time":"2025-11-27T14:58:22+00:00","twitter_card":"summary_large_image","twitter_misc":{"Est. tempo de leitura":"3 minutos"},"schema":{"@context":"https:\/\/schema.org","@graph":[{"@type":"WebPage","@id":"https:\/\/simetrik.com\/pt-br\/industries\/emissores-de-cartoes-simetrik\/","url":"https:\/\/simetrik.com\/pt-br\/industries\/emissores-de-cartoes-simetrik\/","name":"Reconcilia\u00e7\u00e3o de IA para emissores de cart\u00f5es | Simetrik","isPartOf":{"@id":"https:\/\/simetrik.com\/pt-br\/#website"},"datePublished":"2025-08-16T23:48:50+00:00","dateModified":"2025-11-27T14:58:22+00:00","description":"A reconcilia\u00e7\u00e3o de IA para emissores corresponde transa\u00e7\u00f5es multidirecionais, reconcilia liquida\u00e7\u00f5es e monitora pagamentos em tempo real.","breadcrumb":{"@id":"https:\/\/simetrik.com\/pt-br\/industries\/emissores-de-cartoes-simetrik\/#breadcrumb"},"inLanguage":"pt-BR","potentialAction":[{"@type":"ReadAction","target":["https:\/\/simetrik.com\/pt-br\/industries\/emissores-de-cartoes-simetrik\/"]}]},{"@type":"BreadcrumbList","@id":"https:\/\/simetrik.com\/pt-br\/industries\/emissores-de-cartoes-simetrik\/#breadcrumb","itemListElement":[{"@type":"ListItem","position":1,"name":"Home","item":"https:\/\/simetrik.com\/pt-br\/"},{"@type":"ListItem","position":2,"name":"Industries","item":"https:\/\/simetrik.com\/pt-br\/industries\/"},{"@type":"ListItem","position":3,"name":"Ind\u00fastrias &#8211; Emissores de cart\u00f5es"}]},{"@type":"WebSite","@id":"https:\/\/simetrik.com\/pt-br\/#website","url":"https:\/\/simetrik.com\/pt-br\/","name":"Simetrik","description":"","potentialAction":[{"@type":"SearchAction","target":{"@type":"EntryPoint","urlTemplate":"https:\/\/simetrik.com\/pt-br\/?s={search_term_string}"},"query-input":{"@type":"PropertyValueSpecification","valueRequired":true,"valueName":"search_term_string"}}],"inLanguage":"pt-BR"}]}},"_links":{"self":[{"href":"https:\/\/simetrik.com\/pt-br\/wp-json\/wp\/v2\/pages\/2381","targetHints":{"allow":["GET"]}}],"collection":[{"href":"https:\/\/simetrik.com\/pt-br\/wp-json\/wp\/v2\/pages"}],"about":[{"href":"https:\/\/simetrik.com\/pt-br\/wp-json\/wp\/v2\/types\/page"}],"author":[{"embeddable":true,"href":"https:\/\/simetrik.com\/pt-br\/wp-json\/wp\/v2\/users\/4"}],"replies":[{"embeddable":true,"href":"https:\/\/simetrik.com\/pt-br\/wp-json\/wp\/v2\/comments?post=2381"}],"version-history":[{"count":7,"href":"https:\/\/simetrik.com\/pt-br\/wp-json\/wp\/v2\/pages\/2381\/revisions"}],"predecessor-version":[{"id":5351,"href":"https:\/\/simetrik.com\/pt-br\/wp-json\/wp\/v2\/pages\/2381\/revisions\/5351"}],"up":[{"embeddable":true,"href":"https:\/\/simetrik.com\/pt-br\/wp-json\/wp\/v2\/pages\/2406"}],"wp:attachment":[{"href":"https:\/\/simetrik.com\/pt-br\/wp-json\/wp\/v2\/media?parent=2381"}],"curies":[{"name":"wp","href":"https:\/\/api.w.org\/{rel}","templated":true}]}}