{"id":2289,"date":"2025-08-13T20:23:13","date_gmt":"2025-08-13T20:23:13","guid":{"rendered":"https:\/\/simetrik.com\/careers\/"},"modified":"2025-10-10T16:14:08","modified_gmt":"2025-10-10T16:14:08","slug":"careers","status":"publish","type":"page","link":"https:\/\/simetrik.com\/pt-br\/careers\/","title":{"rendered":"Carreiras"},"content":{"rendered":"","protected":false},"excerpt":{"rendered":"","protected":false},"author":3,"featured_media":0,"parent":0,"menu_order":0,"comment_status":"closed","ping_status":"closed","template":"","meta":{"_acf_changed":false,"inline_featured_image":false,"footnotes":""},"class_list":["post-2289","page","type-page","status-publish","hentry"],"acf":[],"yoast_head":"<!-- This site is optimized with the Yoast SEO plugin v27.0 - https:\/\/yoast.com\/product\/yoast-seo-wordpress\/ -->\n<title>Carreiras na Simetrik | Junte-se \u00e0 nossa equipe de finan\u00e7as de IA<\/title>\n<meta name=\"description\" content=\"Trabalhe na vanguarda da automa\u00e7\u00e3o financeira com IA. Confira as vagas abertas na Simetrik.\" \/>\n<meta name=\"robots\" content=\"index, follow, max-snippet:-1, max-image-preview:large, max-video-preview:-1\" \/>\n<link rel=\"canonical\" href=\"https:\/\/simetrik.com\/pt-br\/careers\/\" \/>\n<meta property=\"og:locale\" content=\"pt_BR\" \/>\n<meta property=\"og:type\" content=\"article\" \/>\n<meta property=\"og:title\" content=\"Carreiras na Simetrik | Junte-se \u00e0 nossa equipe de finan\u00e7as de IA\" \/>\n<meta property=\"og:description\" content=\"Trabalhe na vanguarda da automa\u00e7\u00e3o financeira com IA. Confira as vagas abertas na Simetrik.\" \/>\n<meta property=\"og:url\" content=\"https:\/\/simetrik.com\/pt-br\/careers\/\" \/>\n<meta property=\"og:site_name\" content=\"Simetrik\" \/>\n<meta property=\"article:modified_time\" content=\"2025-10-10T16:14:08+00:00\" \/>\n<meta name=\"twitter:card\" content=\"summary_large_image\" \/>\n<meta name=\"twitter:label1\" content=\"Est. tempo de leitura\" \/>\n\t<meta name=\"twitter:data1\" content=\"5 minutos\" \/>\n<script type=\"application\/ld+json\" class=\"yoast-schema-graph\">{\"@context\":\"https:\/\/schema.org\",\"@graph\":[{\"@type\":\"WebPage\",\"@id\":\"https:\/\/simetrik.com\/pt-br\/careers\/\",\"url\":\"https:\/\/simetrik.com\/pt-br\/careers\/\",\"name\":\"Carreiras na Simetrik | Junte-se \u00e0 nossa equipe de finan\u00e7as de IA\",\"isPartOf\":{\"@id\":\"https:\/\/simetrik.com\/pt-br\/#website\"},\"datePublished\":\"2025-08-13T20:23:13+00:00\",\"dateModified\":\"2025-10-10T16:14:08+00:00\",\"description\":\"Trabalhe na vanguarda da automa\u00e7\u00e3o financeira com IA. Confira as vagas abertas na Simetrik.\",\"breadcrumb\":{\"@id\":\"https:\/\/simetrik.com\/pt-br\/careers\/#breadcrumb\"},\"inLanguage\":\"pt-BR\",\"potentialAction\":[{\"@type\":\"ReadAction\",\"target\":[\"https:\/\/simetrik.com\/pt-br\/careers\/\"]}]},{\"@type\":\"BreadcrumbList\",\"@id\":\"https:\/\/simetrik.com\/pt-br\/careers\/#breadcrumb\",\"itemListElement\":[{\"@type\":\"ListItem\",\"position\":1,\"name\":\"Home\",\"item\":\"https:\/\/simetrik.com\/pt-br\/\"},{\"@type\":\"ListItem\",\"position\":2,\"name\":\"Carreiras\"}]},{\"@type\":\"WebSite\",\"@id\":\"https:\/\/simetrik.com\/pt-br\/#website\",\"url\":\"https:\/\/simetrik.com\/pt-br\/\",\"name\":\"Simetrik\",\"description\":\"\",\"potentialAction\":[{\"@type\":\"SearchAction\",\"target\":{\"@type\":\"EntryPoint\",\"urlTemplate\":\"https:\/\/simetrik.com\/pt-br\/?s={search_term_string}\"},\"query-input\":{\"@type\":\"PropertyValueSpecification\",\"valueRequired\":true,\"valueName\":\"search_term_string\"}}],\"inLanguage\":\"pt-BR\"}]}<\/script>\n<!-- \/ Yoast SEO plugin. -->","yoast_head_json":{"title":"Carreiras na Simetrik | Junte-se \u00e0 nossa equipe de finan\u00e7as de IA","description":"Trabalhe na vanguarda da automa\u00e7\u00e3o financeira com IA. Confira as vagas abertas na Simetrik.","robots":{"index":"index","follow":"follow","max-snippet":"max-snippet:-1","max-image-preview":"max-image-preview:large","max-video-preview":"max-video-preview:-1"},"canonical":"https:\/\/simetrik.com\/pt-br\/careers\/","og_locale":"pt_BR","og_type":"article","og_title":"Carreiras na Simetrik | Junte-se \u00e0 nossa equipe de finan\u00e7as de IA","og_description":"Trabalhe na vanguarda da automa\u00e7\u00e3o financeira com IA. Confira as vagas abertas na Simetrik.","og_url":"https:\/\/simetrik.com\/pt-br\/careers\/","og_site_name":"Simetrik","article_modified_time":"2025-10-10T16:14:08+00:00","twitter_card":"summary_large_image","twitter_misc":{"Est. tempo de leitura":"5 minutos"},"schema":{"@context":"https:\/\/schema.org","@graph":[{"@type":"WebPage","@id":"https:\/\/simetrik.com\/pt-br\/careers\/","url":"https:\/\/simetrik.com\/pt-br\/careers\/","name":"Carreiras na Simetrik | Junte-se \u00e0 nossa equipe de finan\u00e7as de IA","isPartOf":{"@id":"https:\/\/simetrik.com\/pt-br\/#website"},"datePublished":"2025-08-13T20:23:13+00:00","dateModified":"2025-10-10T16:14:08+00:00","description":"Trabalhe na vanguarda da automa\u00e7\u00e3o financeira com IA. Confira as vagas abertas na Simetrik.","breadcrumb":{"@id":"https:\/\/simetrik.com\/pt-br\/careers\/#breadcrumb"},"inLanguage":"pt-BR","potentialAction":[{"@type":"ReadAction","target":["https:\/\/simetrik.com\/pt-br\/careers\/"]}]},{"@type":"BreadcrumbList","@id":"https:\/\/simetrik.com\/pt-br\/careers\/#breadcrumb","itemListElement":[{"@type":"ListItem","position":1,"name":"Home","item":"https:\/\/simetrik.com\/pt-br\/"},{"@type":"ListItem","position":2,"name":"Carreiras"}]},{"@type":"WebSite","@id":"https:\/\/simetrik.com\/pt-br\/#website","url":"https:\/\/simetrik.com\/pt-br\/","name":"Simetrik","description":"","potentialAction":[{"@type":"SearchAction","target":{"@type":"EntryPoint","urlTemplate":"https:\/\/simetrik.com\/pt-br\/?s={search_term_string}"},"query-input":{"@type":"PropertyValueSpecification","valueRequired":true,"valueName":"search_term_string"}}],"inLanguage":"pt-BR"}]}},"_links":{"self":[{"href":"https:\/\/simetrik.com\/pt-br\/wp-json\/wp\/v2\/pages\/2289","targetHints":{"allow":["GET"]}}],"collection":[{"href":"https:\/\/simetrik.com\/pt-br\/wp-json\/wp\/v2\/pages"}],"about":[{"href":"https:\/\/simetrik.com\/pt-br\/wp-json\/wp\/v2\/types\/page"}],"author":[{"embeddable":true,"href":"https:\/\/simetrik.com\/pt-br\/wp-json\/wp\/v2\/users\/3"}],"replies":[{"embeddable":true,"href":"https:\/\/simetrik.com\/pt-br\/wp-json\/wp\/v2\/comments?post=2289"}],"version-history":[{"count":15,"href":"https:\/\/simetrik.com\/pt-br\/wp-json\/wp\/v2\/pages\/2289\/revisions"}],"predecessor-version":[{"id":3469,"href":"https:\/\/simetrik.com\/pt-br\/wp-json\/wp\/v2\/pages\/2289\/revisions\/3469"}],"wp:attachment":[{"href":"https:\/\/simetrik.com\/pt-br\/wp-json\/wp\/v2\/media?parent=2289"}],"curies":[{"name":"wp","href":"https:\/\/api.w.org\/{rel}","templated":true}]}}