{"id":5043,"date":"2025-10-22T19:56:03","date_gmt":"2025-10-22T19:56:03","guid":{"rendered":"https:\/\/simetrik.com\/webinar-ug-payments-masterclass\/"},"modified":"2025-10-30T23:18:41","modified_gmt":"2025-10-30T23:18:41","slug":"webinar-ug-payments-masterclass","status":"publish","type":"page","link":"https:\/\/simetrik.com\/es\/webinar-ug-payments-masterclass\/","title":{"rendered":"Webinar &#8211; Masterclass sobre Pagos"},"content":{"rendered":"<iframe style=\"width:100%\" src=\"https:\/\/www.youtube.com\/embed\/YQCyIrJ6kdk?si=efyhBiFi3G-7hknC\" title=\"YouTube video player\" frameborder=\"0\" allow=\"accelerometer; autoplay; clipboard-write; encrypted-media; gyroscope; picture-in-picture; web-share\" referrerpolicy=\"strict-origin-when-cross-origin\" allowfullscreen><\/iframe>    <h5 class=\"wp-block-heading\">El camino hacia el control financiero en tiempo real<\/h5>    <p>Expandirse a m\u00faltiples mercados ofrece enormes oportunidades, pero tambi\u00e9n conlleva riesgos ocultos. Cada nuevo pa\u00eds trae sus propias regulaciones, monedas y est\u00e1ndares. Para los proveedores de servicios de pago, gestionar esa diversidad puede volverse r\u00e1pidamente complejo, generando ineficiencias y puntos ciegos que terminan costando millones.<\/p>    <p>En este webinar, conocer\u00e1s c\u00f3mo un PSP l\u00edder que opera en 12 pa\u00edses automatiz\u00f3 987 flujos de conciliaci\u00f3n, detect\u00f3 148 puntos b\u00e1sicos de p\u00e9rdidas ocultas y construy\u00f3 una base s\u00f3lida para un crecimiento m\u00e1s r\u00e1pido y controlado con Simetrik.<\/p>    <h6 class=\"wp-block-heading\">Aprender\u00e1s:<\/h6>    <ul class=\"wp-block-list\"> <li>Los riesgos invisibles de escalar pagos sin controles financieros adecuados.<\/li>    <li>C\u00f3mo la automatizaci\u00f3n revela p\u00e9rdidas ocultas, acelera lanzamientos al mercado y simplifica el cumplimiento normativo.<\/li>    <li>Lecciones pr\u00e1cticas para fortalecer la gesti\u00f3n de liquidez, conciliaci\u00f3n, reportes y control de costos.<\/li> <\/ul>    <p>Los ejecutivos de fintech y pagos obtendr\u00e1n una visi\u00f3n clara de c\u00f3mo transformar la conciliaci\u00f3n en una ventaja estrat\u00e9gica. Con Simetrik, los l\u00edderes financieros logran transparencia, precisi\u00f3n y control, garantizando que las operaciones crezcan al ritmo del negocio.<\/p>","protected":false},"excerpt":{"rendered":"<p>El camino hacia el control financiero en tiempo real Expandirse a m\u00faltiples mercados ofrece enormes oportunidades, pero tambi\u00e9n conlleva riesgos ocultos. Cada nuevo pa\u00eds trae sus propias regulaciones, monedas y est\u00e1ndares. Para los proveedores de servicios de pago, gestionar esa diversidad puede volverse r\u00e1pidamente complejo, generando ineficiencias y puntos ciegos que terminan costando millones. En<a class=\"excerpt-read-more\" href=\"https:\/\/simetrik.com\/es\/webinar-ug-payments-masterclass\/\" title=\"ReadWebinar &#8211; Masterclass sobre Pagos\">&#8230; Read more &raquo;<\/a><\/p>\n","protected":false},"author":8,"featured_media":0,"parent":0,"menu_order":0,"comment_status":"closed","ping_status":"closed","template":"","meta":{"_acf_changed":false,"inline_featured_image":false,"footnotes":""},"class_list":["post-5043","page","type-page","status-publish","hentry"],"acf":[],"yoast_head":"<!-- This site is optimized with the Yoast SEO plugin v27.0 - https:\/\/yoast.com\/product\/yoast-seo-wordpress\/ -->\n<title>Webinar - Masterclass sobre Pagos - Simetrik<\/title>\n<meta name=\"robots\" content=\"index, follow, max-snippet:-1, max-image-preview:large, max-video-preview:-1\" \/>\n<link rel=\"canonical\" href=\"https:\/\/simetrik.com\/es\/webinar-ug-payments-masterclass\/\" \/>\n<meta property=\"og:locale\" content=\"es_ES\" \/>\n<meta property=\"og:type\" content=\"article\" \/>\n<meta property=\"og:title\" content=\"Webinar - Masterclass sobre Pagos - Simetrik\" \/>\n<meta property=\"og:description\" content=\"El camino hacia el control financiero en tiempo real Expandirse a m\u00faltiples mercados ofrece enormes oportunidades, pero tambi\u00e9n conlleva riesgos ocultos. Cada nuevo pa\u00eds trae sus propias regulaciones, monedas y est\u00e1ndares. Para los proveedores de servicios de pago, gestionar esa diversidad puede volverse r\u00e1pidamente complejo, generando ineficiencias y puntos ciegos que terminan costando millones. En... Read more &raquo;\" \/>\n<meta property=\"og:url\" content=\"https:\/\/simetrik.com\/es\/webinar-ug-payments-masterclass\/\" \/>\n<meta property=\"og:site_name\" content=\"Simetrik\" \/>\n<meta property=\"article:modified_time\" content=\"2025-10-30T23:18:41+00:00\" \/>\n<meta name=\"twitter:card\" content=\"summary_large_image\" \/>\n<meta name=\"twitter:label1\" content=\"Tiempo de lectura\" \/>\n\t<meta name=\"twitter:data1\" content=\"1 minuto\" \/>\n<script type=\"application\/ld+json\" class=\"yoast-schema-graph\">{\"@context\":\"https:\/\/schema.org\",\"@graph\":[{\"@type\":\"WebPage\",\"@id\":\"https:\/\/simetrik.com\/es\/webinar-ug-payments-masterclass\/\",\"url\":\"https:\/\/simetrik.com\/es\/webinar-ug-payments-masterclass\/\",\"name\":\"Webinar - Masterclass sobre Pagos - Simetrik\",\"isPartOf\":{\"@id\":\"https:\/\/simetrik.com\/es\/#website\"},\"datePublished\":\"2025-10-22T19:56:03+00:00\",\"dateModified\":\"2025-10-30T23:18:41+00:00\",\"breadcrumb\":{\"@id\":\"https:\/\/simetrik.com\/es\/webinar-ug-payments-masterclass\/#breadcrumb\"},\"inLanguage\":\"es\",\"potentialAction\":[{\"@type\":\"ReadAction\",\"target\":[\"https:\/\/simetrik.com\/es\/webinar-ug-payments-masterclass\/\"]}]},{\"@type\":\"BreadcrumbList\",\"@id\":\"https:\/\/simetrik.com\/es\/webinar-ug-payments-masterclass\/#breadcrumb\",\"itemListElement\":[{\"@type\":\"ListItem\",\"position\":1,\"name\":\"Home\",\"item\":\"https:\/\/simetrik.com\/es\/\"},{\"@type\":\"ListItem\",\"position\":2,\"name\":\"Webinar &#8211; Masterclass sobre Pagos\"}]},{\"@type\":\"WebSite\",\"@id\":\"https:\/\/simetrik.com\/es\/#website\",\"url\":\"https:\/\/simetrik.com\/es\/\",\"name\":\"Simetrik\",\"description\":\"\",\"potentialAction\":[{\"@type\":\"SearchAction\",\"target\":{\"@type\":\"EntryPoint\",\"urlTemplate\":\"https:\/\/simetrik.com\/es\/?s={search_term_string}\"},\"query-input\":{\"@type\":\"PropertyValueSpecification\",\"valueRequired\":true,\"valueName\":\"search_term_string\"}}],\"inLanguage\":\"es\"}]}<\/script>\n<!-- \/ Yoast SEO plugin. -->","yoast_head_json":{"title":"Webinar - Masterclass sobre Pagos - Simetrik","robots":{"index":"index","follow":"follow","max-snippet":"max-snippet:-1","max-image-preview":"max-image-preview:large","max-video-preview":"max-video-preview:-1"},"canonical":"https:\/\/simetrik.com\/es\/webinar-ug-payments-masterclass\/","og_locale":"es_ES","og_type":"article","og_title":"Webinar - Masterclass sobre Pagos - Simetrik","og_description":"El camino hacia el control financiero en tiempo real Expandirse a m\u00faltiples mercados ofrece enormes oportunidades, pero tambi\u00e9n conlleva riesgos ocultos. Cada nuevo pa\u00eds trae sus propias regulaciones, monedas y est\u00e1ndares. Para los proveedores de servicios de pago, gestionar esa diversidad puede volverse r\u00e1pidamente complejo, generando ineficiencias y puntos ciegos que terminan costando millones. En... Read more &raquo;","og_url":"https:\/\/simetrik.com\/es\/webinar-ug-payments-masterclass\/","og_site_name":"Simetrik","article_modified_time":"2025-10-30T23:18:41+00:00","twitter_card":"summary_large_image","twitter_misc":{"Tiempo de lectura":"1 minuto"},"schema":{"@context":"https:\/\/schema.org","@graph":[{"@type":"WebPage","@id":"https:\/\/simetrik.com\/es\/webinar-ug-payments-masterclass\/","url":"https:\/\/simetrik.com\/es\/webinar-ug-payments-masterclass\/","name":"Webinar - Masterclass sobre Pagos - Simetrik","isPartOf":{"@id":"https:\/\/simetrik.com\/es\/#website"},"datePublished":"2025-10-22T19:56:03+00:00","dateModified":"2025-10-30T23:18:41+00:00","breadcrumb":{"@id":"https:\/\/simetrik.com\/es\/webinar-ug-payments-masterclass\/#breadcrumb"},"inLanguage":"es","potentialAction":[{"@type":"ReadAction","target":["https:\/\/simetrik.com\/es\/webinar-ug-payments-masterclass\/"]}]},{"@type":"BreadcrumbList","@id":"https:\/\/simetrik.com\/es\/webinar-ug-payments-masterclass\/#breadcrumb","itemListElement":[{"@type":"ListItem","position":1,"name":"Home","item":"https:\/\/simetrik.com\/es\/"},{"@type":"ListItem","position":2,"name":"Webinar &#8211; Masterclass sobre Pagos"}]},{"@type":"WebSite","@id":"https:\/\/simetrik.com\/es\/#website","url":"https:\/\/simetrik.com\/es\/","name":"Simetrik","description":"","potentialAction":[{"@type":"SearchAction","target":{"@type":"EntryPoint","urlTemplate":"https:\/\/simetrik.com\/es\/?s={search_term_string}"},"query-input":{"@type":"PropertyValueSpecification","valueRequired":true,"valueName":"search_term_string"}}],"inLanguage":"es"}]}},"_links":{"self":[{"href":"https:\/\/simetrik.com\/es\/wp-json\/wp\/v2\/pages\/5043","targetHints":{"allow":["GET"]}}],"collection":[{"href":"https:\/\/simetrik.com\/es\/wp-json\/wp\/v2\/pages"}],"about":[{"href":"https:\/\/simetrik.com\/es\/wp-json\/wp\/v2\/types\/page"}],"author":[{"embeddable":true,"href":"https:\/\/simetrik.com\/es\/wp-json\/wp\/v2\/users\/8"}],"replies":[{"embeddable":true,"href":"https:\/\/simetrik.com\/es\/wp-json\/wp\/v2\/comments?post=5043"}],"version-history":[{"count":1,"href":"https:\/\/simetrik.com\/es\/wp-json\/wp\/v2\/pages\/5043\/revisions"}],"predecessor-version":[{"id":5045,"href":"https:\/\/simetrik.com\/es\/wp-json\/wp\/v2\/pages\/5043\/revisions\/5045"}],"wp:attachment":[{"href":"https:\/\/simetrik.com\/es\/wp-json\/wp\/v2\/media?parent=5043"}],"curies":[{"name":"wp","href":"https:\/\/api.w.org\/{rel}","templated":true}]}}