{"id":2127,"date":"2025-08-12T18:34:53","date_gmt":"2025-08-12T18:34:53","guid":{"rendered":"https:\/\/simetrik.com\/platform\/"},"modified":"2025-10-10T17:27:03","modified_gmt":"2025-10-10T17:27:03","slug":"platform","status":"publish","type":"page","link":"https:\/\/simetrik.com\/es\/platform\/","title":{"rendered":"Plataforma"},"content":{"rendered":"","protected":false},"excerpt":{"rendered":"","protected":false},"author":4,"featured_media":0,"parent":0,"menu_order":0,"comment_status":"closed","ping_status":"closed","template":"","meta":{"_acf_changed":false,"inline_featured_image":false,"footnotes":""},"class_list":["post-2127","page","type-page","status-publish","hentry"],"acf":[],"yoast_head":"<!-- This site is optimized with the Yoast SEO plugin v27.0 - https:\/\/yoast.com\/product\/yoast-seo-wordpress\/ -->\n<title>Plataforma de conciliaci\u00f3n de IA para finanzas empresariales<\/title>\n<meta name=\"description\" content=\"Descubra la plataforma de conciliaci\u00f3n de Simetrik, basada en IA. Automatiza la conciliaci\u00f3n, informes y la gesti\u00f3n de excepciones.\" \/>\n<meta name=\"robots\" content=\"index, follow, max-snippet:-1, max-image-preview:large, max-video-preview:-1\" \/>\n<link rel=\"canonical\" href=\"https:\/\/simetrik.com\/es\/platform\/\" \/>\n<meta property=\"og:locale\" content=\"es_ES\" \/>\n<meta property=\"og:type\" content=\"article\" \/>\n<meta property=\"og:title\" content=\"Plataforma de conciliaci\u00f3n de IA para finanzas empresariales\" \/>\n<meta property=\"og:description\" content=\"Descubra la plataforma de conciliaci\u00f3n de Simetrik, basada en IA. Automatiza la conciliaci\u00f3n, informes y la gesti\u00f3n de excepciones.\" \/>\n<meta property=\"og:url\" content=\"https:\/\/simetrik.com\/es\/platform\/\" \/>\n<meta property=\"og:site_name\" content=\"Simetrik\" \/>\n<meta property=\"article:modified_time\" content=\"2025-10-10T17:27:03+00:00\" \/>\n<meta name=\"twitter:card\" content=\"summary_large_image\" \/>\n<meta name=\"twitter:label1\" content=\"Tiempo de lectura\" \/>\n\t<meta name=\"twitter:data1\" content=\"3 minutos\" \/>\n<script type=\"application\/ld+json\" class=\"yoast-schema-graph\">{\"@context\":\"https:\/\/schema.org\",\"@graph\":[{\"@type\":\"WebPage\",\"@id\":\"https:\/\/simetrik.com\/es\/platform\/\",\"url\":\"https:\/\/simetrik.com\/es\/platform\/\",\"name\":\"Plataforma de conciliaci\u00f3n de IA para finanzas empresariales\",\"isPartOf\":{\"@id\":\"https:\/\/simetrik.com\/es\/#website\"},\"datePublished\":\"2025-08-12T18:34:53+00:00\",\"dateModified\":\"2025-10-10T17:27:03+00:00\",\"description\":\"Descubra la plataforma de conciliaci\u00f3n de Simetrik, basada en IA. Automatiza la conciliaci\u00f3n, informes y la gesti\u00f3n de excepciones.\",\"breadcrumb\":{\"@id\":\"https:\/\/simetrik.com\/es\/platform\/#breadcrumb\"},\"inLanguage\":\"es\",\"potentialAction\":[{\"@type\":\"ReadAction\",\"target\":[\"https:\/\/simetrik.com\/es\/platform\/\"]}]},{\"@type\":\"BreadcrumbList\",\"@id\":\"https:\/\/simetrik.com\/es\/platform\/#breadcrumb\",\"itemListElement\":[{\"@type\":\"ListItem\",\"position\":1,\"name\":\"Home\",\"item\":\"https:\/\/simetrik.com\/es\/\"},{\"@type\":\"ListItem\",\"position\":2,\"name\":\"Plataforma\"}]},{\"@type\":\"WebSite\",\"@id\":\"https:\/\/simetrik.com\/es\/#website\",\"url\":\"https:\/\/simetrik.com\/es\/\",\"name\":\"Simetrik\",\"description\":\"\",\"potentialAction\":[{\"@type\":\"SearchAction\",\"target\":{\"@type\":\"EntryPoint\",\"urlTemplate\":\"https:\/\/simetrik.com\/es\/?s={search_term_string}\"},\"query-input\":{\"@type\":\"PropertyValueSpecification\",\"valueRequired\":true,\"valueName\":\"search_term_string\"}}],\"inLanguage\":\"es\"}]}<\/script>\n<!-- \/ Yoast SEO plugin. -->","yoast_head_json":{"title":"Plataforma de conciliaci\u00f3n de IA para finanzas empresariales","description":"Descubra la plataforma de conciliaci\u00f3n de Simetrik, basada en IA. Automatiza la conciliaci\u00f3n, informes y la gesti\u00f3n de excepciones.","robots":{"index":"index","follow":"follow","max-snippet":"max-snippet:-1","max-image-preview":"max-image-preview:large","max-video-preview":"max-video-preview:-1"},"canonical":"https:\/\/simetrik.com\/es\/platform\/","og_locale":"es_ES","og_type":"article","og_title":"Plataforma de conciliaci\u00f3n de IA para finanzas empresariales","og_description":"Descubra la plataforma de conciliaci\u00f3n de Simetrik, basada en IA. Automatiza la conciliaci\u00f3n, informes y la gesti\u00f3n de excepciones.","og_url":"https:\/\/simetrik.com\/es\/platform\/","og_site_name":"Simetrik","article_modified_time":"2025-10-10T17:27:03+00:00","twitter_card":"summary_large_image","twitter_misc":{"Tiempo de lectura":"3 minutos"},"schema":{"@context":"https:\/\/schema.org","@graph":[{"@type":"WebPage","@id":"https:\/\/simetrik.com\/es\/platform\/","url":"https:\/\/simetrik.com\/es\/platform\/","name":"Plataforma de conciliaci\u00f3n de IA para finanzas empresariales","isPartOf":{"@id":"https:\/\/simetrik.com\/es\/#website"},"datePublished":"2025-08-12T18:34:53+00:00","dateModified":"2025-10-10T17:27:03+00:00","description":"Descubra la plataforma de conciliaci\u00f3n de Simetrik, basada en IA. Automatiza la conciliaci\u00f3n, informes y la gesti\u00f3n de excepciones.","breadcrumb":{"@id":"https:\/\/simetrik.com\/es\/platform\/#breadcrumb"},"inLanguage":"es","potentialAction":[{"@type":"ReadAction","target":["https:\/\/simetrik.com\/es\/platform\/"]}]},{"@type":"BreadcrumbList","@id":"https:\/\/simetrik.com\/es\/platform\/#breadcrumb","itemListElement":[{"@type":"ListItem","position":1,"name":"Home","item":"https:\/\/simetrik.com\/es\/"},{"@type":"ListItem","position":2,"name":"Plataforma"}]},{"@type":"WebSite","@id":"https:\/\/simetrik.com\/es\/#website","url":"https:\/\/simetrik.com\/es\/","name":"Simetrik","description":"","potentialAction":[{"@type":"SearchAction","target":{"@type":"EntryPoint","urlTemplate":"https:\/\/simetrik.com\/es\/?s={search_term_string}"},"query-input":{"@type":"PropertyValueSpecification","valueRequired":true,"valueName":"search_term_string"}}],"inLanguage":"es"}]}},"_links":{"self":[{"href":"https:\/\/simetrik.com\/es\/wp-json\/wp\/v2\/pages\/2127","targetHints":{"allow":["GET"]}}],"collection":[{"href":"https:\/\/simetrik.com\/es\/wp-json\/wp\/v2\/pages"}],"about":[{"href":"https:\/\/simetrik.com\/es\/wp-json\/wp\/v2\/types\/page"}],"author":[{"embeddable":true,"href":"https:\/\/simetrik.com\/es\/wp-json\/wp\/v2\/users\/4"}],"replies":[{"embeddable":true,"href":"https:\/\/simetrik.com\/es\/wp-json\/wp\/v2\/comments?post=2127"}],"version-history":[{"count":12,"href":"https:\/\/simetrik.com\/es\/wp-json\/wp\/v2\/pages\/2127\/revisions"}],"predecessor-version":[{"id":4096,"href":"https:\/\/simetrik.com\/es\/wp-json\/wp\/v2\/pages\/2127\/revisions\/4096"}],"wp:attachment":[{"href":"https:\/\/simetrik.com\/es\/wp-json\/wp\/v2\/media?parent=2127"}],"curies":[{"name":"wp","href":"https:\/\/api.w.org\/{rel}","templated":true}]}}