{"id":2123,"date":"2025-08-14T03:49:55","date_gmt":"2025-08-14T03:49:55","guid":{"rendered":"https:\/\/simetrik.com\/contact-us\/"},"modified":"2026-02-18T21:02:38","modified_gmt":"2026-02-18T21:02:38","slug":"contact-us","status":"publish","type":"page","link":"https:\/\/simetrik.com\/es\/contact-us\/","title":{"rendered":"Cont\u00e1ctanos"},"content":{"rendered":"","protected":false},"excerpt":{"rendered":"","protected":false},"author":4,"featured_media":0,"parent":0,"menu_order":0,"comment_status":"closed","ping_status":"closed","template":"","meta":{"_acf_changed":false,"inline_featured_image":false,"footnotes":""},"class_list":["post-2123","page","type-page","status-publish","hentry"],"acf":[],"yoast_head":"<!-- This site is optimized with the Yoast SEO plugin v27.0 - https:\/\/yoast.com\/product\/yoast-seo-wordpress\/ -->\n<title>Contacta a Simetrik | Expertos en Conciliaci\u00f3n con IA<\/title>\n<meta name=\"description\" content=\"Ponte en contacto con Simetrik y descubre c\u00f3mo la conciliaci\u00f3n con IA puede transformar tus operaciones financieras.\" \/>\n<meta name=\"robots\" content=\"index, follow, max-snippet:-1, max-image-preview:large, max-video-preview:-1\" \/>\n<link rel=\"canonical\" href=\"https:\/\/simetrik.com\/es\/contact-us\/\" \/>\n<meta property=\"og:locale\" content=\"es_ES\" \/>\n<meta property=\"og:type\" content=\"article\" \/>\n<meta property=\"og:title\" content=\"Contacta a Simetrik | Expertos en Conciliaci\u00f3n con IA\" \/>\n<meta property=\"og:description\" content=\"Ponte en contacto con Simetrik y descubre c\u00f3mo la conciliaci\u00f3n con IA puede transformar tus operaciones financieras.\" \/>\n<meta property=\"og:url\" content=\"https:\/\/simetrik.com\/es\/contact-us\/\" \/>\n<meta property=\"og:site_name\" content=\"Simetrik\" \/>\n<meta property=\"article:modified_time\" content=\"2026-02-18T21:02:38+00:00\" \/>\n<meta name=\"twitter:card\" content=\"summary_large_image\" \/>\n<meta name=\"twitter:label1\" content=\"Tiempo de lectura\" \/>\n\t<meta name=\"twitter:data1\" content=\"1 minuto\" \/>\n<script type=\"application\/ld+json\" class=\"yoast-schema-graph\">{\"@context\":\"https:\/\/schema.org\",\"@graph\":[{\"@type\":\"WebPage\",\"@id\":\"https:\/\/simetrik.com\/es\/contact-us\/\",\"url\":\"https:\/\/simetrik.com\/es\/contact-us\/\",\"name\":\"Contacta a Simetrik | Expertos en Conciliaci\u00f3n con IA\",\"isPartOf\":{\"@id\":\"https:\/\/simetrik.com\/es\/#website\"},\"datePublished\":\"2025-08-14T03:49:55+00:00\",\"dateModified\":\"2026-02-18T21:02:38+00:00\",\"description\":\"Ponte en contacto con Simetrik y descubre c\u00f3mo la conciliaci\u00f3n con IA puede transformar tus operaciones financieras.\",\"breadcrumb\":{\"@id\":\"https:\/\/simetrik.com\/es\/contact-us\/#breadcrumb\"},\"inLanguage\":\"es\",\"potentialAction\":[{\"@type\":\"ReadAction\",\"target\":[\"https:\/\/simetrik.com\/es\/contact-us\/\"]}]},{\"@type\":\"BreadcrumbList\",\"@id\":\"https:\/\/simetrik.com\/es\/contact-us\/#breadcrumb\",\"itemListElement\":[{\"@type\":\"ListItem\",\"position\":1,\"name\":\"Home\",\"item\":\"https:\/\/simetrik.com\/es\/\"},{\"@type\":\"ListItem\",\"position\":2,\"name\":\"Cont\u00e1ctanos\"}]},{\"@type\":\"WebSite\",\"@id\":\"https:\/\/simetrik.com\/es\/#website\",\"url\":\"https:\/\/simetrik.com\/es\/\",\"name\":\"Simetrik\",\"description\":\"\",\"potentialAction\":[{\"@type\":\"SearchAction\",\"target\":{\"@type\":\"EntryPoint\",\"urlTemplate\":\"https:\/\/simetrik.com\/es\/?s={search_term_string}\"},\"query-input\":{\"@type\":\"PropertyValueSpecification\",\"valueRequired\":true,\"valueName\":\"search_term_string\"}}],\"inLanguage\":\"es\"}]}<\/script>\n<!-- \/ Yoast SEO plugin. -->","yoast_head_json":{"title":"Contacta a Simetrik | Expertos en Conciliaci\u00f3n con IA","description":"Ponte en contacto con Simetrik y descubre c\u00f3mo la conciliaci\u00f3n con IA puede transformar tus operaciones financieras.","robots":{"index":"index","follow":"follow","max-snippet":"max-snippet:-1","max-image-preview":"max-image-preview:large","max-video-preview":"max-video-preview:-1"},"canonical":"https:\/\/simetrik.com\/es\/contact-us\/","og_locale":"es_ES","og_type":"article","og_title":"Contacta a Simetrik | Expertos en Conciliaci\u00f3n con IA","og_description":"Ponte en contacto con Simetrik y descubre c\u00f3mo la conciliaci\u00f3n con IA puede transformar tus operaciones financieras.","og_url":"https:\/\/simetrik.com\/es\/contact-us\/","og_site_name":"Simetrik","article_modified_time":"2026-02-18T21:02:38+00:00","twitter_card":"summary_large_image","twitter_misc":{"Tiempo de lectura":"1 minuto"},"schema":{"@context":"https:\/\/schema.org","@graph":[{"@type":"WebPage","@id":"https:\/\/simetrik.com\/es\/contact-us\/","url":"https:\/\/simetrik.com\/es\/contact-us\/","name":"Contacta a Simetrik | Expertos en Conciliaci\u00f3n con IA","isPartOf":{"@id":"https:\/\/simetrik.com\/es\/#website"},"datePublished":"2025-08-14T03:49:55+00:00","dateModified":"2026-02-18T21:02:38+00:00","description":"Ponte en contacto con Simetrik y descubre c\u00f3mo la conciliaci\u00f3n con IA puede transformar tus operaciones financieras.","breadcrumb":{"@id":"https:\/\/simetrik.com\/es\/contact-us\/#breadcrumb"},"inLanguage":"es","potentialAction":[{"@type":"ReadAction","target":["https:\/\/simetrik.com\/es\/contact-us\/"]}]},{"@type":"BreadcrumbList","@id":"https:\/\/simetrik.com\/es\/contact-us\/#breadcrumb","itemListElement":[{"@type":"ListItem","position":1,"name":"Home","item":"https:\/\/simetrik.com\/es\/"},{"@type":"ListItem","position":2,"name":"Cont\u00e1ctanos"}]},{"@type":"WebSite","@id":"https:\/\/simetrik.com\/es\/#website","url":"https:\/\/simetrik.com\/es\/","name":"Simetrik","description":"","potentialAction":[{"@type":"SearchAction","target":{"@type":"EntryPoint","urlTemplate":"https:\/\/simetrik.com\/es\/?s={search_term_string}"},"query-input":{"@type":"PropertyValueSpecification","valueRequired":true,"valueName":"search_term_string"}}],"inLanguage":"es"}]}},"_links":{"self":[{"href":"https:\/\/simetrik.com\/es\/wp-json\/wp\/v2\/pages\/2123","targetHints":{"allow":["GET"]}}],"collection":[{"href":"https:\/\/simetrik.com\/es\/wp-json\/wp\/v2\/pages"}],"about":[{"href":"https:\/\/simetrik.com\/es\/wp-json\/wp\/v2\/types\/page"}],"author":[{"embeddable":true,"href":"https:\/\/simetrik.com\/es\/wp-json\/wp\/v2\/users\/4"}],"replies":[{"embeddable":true,"href":"https:\/\/simetrik.com\/es\/wp-json\/wp\/v2\/comments?post=2123"}],"version-history":[{"count":2,"href":"https:\/\/simetrik.com\/es\/wp-json\/wp\/v2\/pages\/2123\/revisions"}],"predecessor-version":[{"id":5959,"href":"https:\/\/simetrik.com\/es\/wp-json\/wp\/v2\/pages\/2123\/revisions\/5959"}],"wp:attachment":[{"href":"https:\/\/simetrik.com\/es\/wp-json\/wp\/v2\/media?parent=2123"}],"curies":[{"name":"wp","href":"https:\/\/api.w.org\/{rel}","templated":true}]}}